{"id":1063,"date":"2019-08-19T11:29:58","date_gmt":"2019-08-19T11:29:58","guid":{"rendered":"https:\/\/gfarias.com\/web2\/?page_id=1063"},"modified":"2022-05-27T18:04:06","modified_gmt":"2022-05-27T21:04:06","slug":"nossas-publicacoes","status":"publish","type":"page","link":"https:\/\/gfarias.com\/web\/sobre\/nossas-publicacoes\/","title":{"rendered":"Nossas Publica\u00e7\u00f5es"},"content":{"rendered":"<div id=\"cs-content\" class=\"cs-content\"><\/div>\n","protected":false},"excerpt":{"rendered":"<p>Nossas publica&ccedil;&otilde;es Os consultores associados \u00e0 GFarias possuem atividade acad\u00eamica de pesquisa para sempre se manterem \u00e0 frente em suas respectivas \u00e1reas. Os consultores da GFarias desenvolvem ou desenvolveram pesquisa aplicada, com publica\u00e7\u00f5es em revistas e confer\u00eancias cient\u00edficas, nas seguintes \u00e1reas: Metodologias ativas de aprendizagem Experimentamos e publicamos sobre as &#8230;<\/p>\n","protected":false},"author":3,"featured_media":536,"parent":970,"menu_order":0,"comment_status":"closed","ping_status":"closed","template":"template-blank-4.php","meta":{"rs_blank_template":"","rs_page_bg_color":"#ffffff","slide_template_v7":"","_joinchat":[],"footnotes":""},"class_list":["post-1063","page","type-page","status-publish","has-post-thumbnail","hentry"],"yoast_head":"<!-- This site is optimized with the Yoast SEO plugin v27.5 - https:\/\/yoast.com\/product\/yoast-seo-wordpress\/ -->\n<title>Nossas Publica\u00e7\u00f5es - GFarias Educa\u00e7\u00e3o<\/title>\n<meta name=\"robots\" content=\"index, follow, max-snippet:-1, max-image-preview:large, max-video-preview:-1\" \/>\n<link rel=\"canonical\" href=\"https:\/\/gfarias.com\/web\/sobre\/nossas-publicacoes\/\" \/>\n<meta property=\"og:locale\" content=\"pt_BR\" \/>\n<meta property=\"og:type\" content=\"article\" \/>\n<meta property=\"og:title\" content=\"Nossas Publica\u00e7\u00f5es - GFarias Educa\u00e7\u00e3o\" \/>\n<meta property=\"og:description\" content=\"Nossas publica&ccedil;&otilde;es Os consultores associados \u00e0 GFarias possuem atividade acad\u00eamica de pesquisa para sempre se manterem \u00e0 frente em suas respectivas \u00e1reas. Os consultores da GFarias desenvolvem ou desenvolveram pesquisa aplicada, com publica\u00e7\u00f5es em revistas e confer\u00eancias cient\u00edficas, nas seguintes \u00e1reas: Metodologias ativas de aprendizagem Experimentamos e publicamos sobre as ...\" \/>\n<meta property=\"og:url\" content=\"https:\/\/gfarias.com\/web\/sobre\/nossas-publicacoes\/\" \/>\n<meta property=\"og:site_name\" content=\"GFarias Educa\u00e7\u00e3o\" \/>\n<meta property=\"article:publisher\" content=\"https:\/\/facebook.com\/gfariasonline\" \/>\n<meta property=\"article:modified_time\" content=\"2022-05-27T21:04:06+00:00\" \/>\n<meta property=\"og:image\" content=\"https:\/\/gfarias.com\/web\/wp-content\/uploads\/2019\/07\/gfarias_logo.png\" \/>\n\t<meta property=\"og:image:width\" content=\"500\" \/>\n\t<meta property=\"og:image:height\" content=\"140\" \/>\n\t<meta property=\"og:image:type\" content=\"image\/png\" \/>\n<meta name=\"twitter:card\" content=\"summary_large_image\" \/>\n<meta name=\"twitter:site\" content=\"@gfariasonline\" \/>\n<meta name=\"twitter:label1\" content=\"Est. tempo de leitura\" \/>\n\t<meta name=\"twitter:data1\" content=\"6 minutos\" \/>\n<script type=\"application\/ld+json\" class=\"yoast-schema-graph\">{\"@context\":\"https:\\\/\\\/schema.org\",\"@graph\":[{\"@type\":\"WebPage\",\"@id\":\"https:\\\/\\\/gfarias.com\\\/web\\\/sobre\\\/nossas-publicacoes\\\/\",\"url\":\"https:\\\/\\\/gfarias.com\\\/web\\\/sobre\\\/nossas-publicacoes\\\/\",\"name\":\"Nossas Publica\u00e7\u00f5es - GFarias Educa\u00e7\u00e3o\",\"isPartOf\":{\"@id\":\"https:\\\/\\\/gfarias.com\\\/web\\\/#website\"},\"primaryImageOfPage\":{\"@id\":\"https:\\\/\\\/gfarias.com\\\/web\\\/sobre\\\/nossas-publicacoes\\\/#primaryimage\"},\"image\":{\"@id\":\"https:\\\/\\\/gfarias.com\\\/web\\\/sobre\\\/nossas-publicacoes\\\/#primaryimage\"},\"thumbnailUrl\":\"https:\\\/\\\/gfarias.com\\\/web\\\/wp-content\\\/uploads\\\/2019\\\/07\\\/gfarias_logo.png\",\"datePublished\":\"2019-08-19T11:29:58+00:00\",\"dateModified\":\"2022-05-27T21:04:06+00:00\",\"breadcrumb\":{\"@id\":\"https:\\\/\\\/gfarias.com\\\/web\\\/sobre\\\/nossas-publicacoes\\\/#breadcrumb\"},\"inLanguage\":\"pt-BR\",\"potentialAction\":[{\"@type\":\"ReadAction\",\"target\":[\"https:\\\/\\\/gfarias.com\\\/web\\\/sobre\\\/nossas-publicacoes\\\/\"]}]},{\"@type\":\"ImageObject\",\"inLanguage\":\"pt-BR\",\"@id\":\"https:\\\/\\\/gfarias.com\\\/web\\\/sobre\\\/nossas-publicacoes\\\/#primaryimage\",\"url\":\"https:\\\/\\\/gfarias.com\\\/web\\\/wp-content\\\/uploads\\\/2019\\\/07\\\/gfarias_logo.png\",\"contentUrl\":\"https:\\\/\\\/gfarias.com\\\/web\\\/wp-content\\\/uploads\\\/2019\\\/07\\\/gfarias_logo.png\",\"width\":500,\"height\":140},{\"@type\":\"BreadcrumbList\",\"@id\":\"https:\\\/\\\/gfarias.com\\\/web\\\/sobre\\\/nossas-publicacoes\\\/#breadcrumb\",\"itemListElement\":[{\"@type\":\"ListItem\",\"position\":1,\"name\":\"Home\",\"item\":\"https:\\\/\\\/gfarias.com\\\/web\\\/\"},{\"@type\":\"ListItem\",\"position\":2,\"name\":\"SOBRE\",\"item\":\"https:\\\/\\\/gfarias.com\\\/web\\\/sobre\\\/\"},{\"@type\":\"ListItem\",\"position\":3,\"name\":\"Nossas Publica\u00e7\u00f5es\"}]},{\"@type\":\"WebSite\",\"@id\":\"https:\\\/\\\/gfarias.com\\\/web\\\/#website\",\"url\":\"https:\\\/\\\/gfarias.com\\\/web\\\/\",\"name\":\"GFarias Educa\u00e7\u00e3o\",\"description\":\"Conhecimento, tecnologia e servi\u00e7os para EAD.\",\"publisher\":{\"@id\":\"https:\\\/\\\/gfarias.com\\\/web\\\/#organization\"},\"alternateName\":\"Gfarias\",\"potentialAction\":[{\"@type\":\"SearchAction\",\"target\":{\"@type\":\"EntryPoint\",\"urlTemplate\":\"https:\\\/\\\/gfarias.com\\\/web\\\/?s={search_term_string}\"},\"query-input\":{\"@type\":\"PropertyValueSpecification\",\"valueRequired\":true,\"valueName\":\"search_term_string\"}}],\"inLanguage\":\"pt-BR\"},{\"@type\":\"Organization\",\"@id\":\"https:\\\/\\\/gfarias.com\\\/web\\\/#organization\",\"name\":\"GFarias Educa\u00e7\u00e3o Ltda - EPP\",\"alternateName\":\"Gfarias\",\"url\":\"https:\\\/\\\/gfarias.com\\\/web\\\/\",\"logo\":{\"@type\":\"ImageObject\",\"inLanguage\":\"pt-BR\",\"@id\":\"https:\\\/\\\/gfarias.com\\\/web\\\/#\\\/schema\\\/logo\\\/image\\\/\",\"url\":\"https:\\\/\\\/gfarias.com\\\/web\\\/wp-content\\\/uploads\\\/2025\\\/11\\\/gfarias_sqr.png\",\"contentUrl\":\"https:\\\/\\\/gfarias.com\\\/web\\\/wp-content\\\/uploads\\\/2025\\\/11\\\/gfarias_sqr.png\",\"width\":1981,\"height\":1980,\"caption\":\"GFarias Educa\u00e7\u00e3o Ltda - EPP\"},\"image\":{\"@id\":\"https:\\\/\\\/gfarias.com\\\/web\\\/#\\\/schema\\\/logo\\\/image\\\/\"},\"sameAs\":[\"https:\\\/\\\/facebook.com\\\/gfariasonline\",\"https:\\\/\\\/x.com\\\/gfariasonline\",\"https:\\\/\\\/instagram.com\\\/gfariasonline\",\"https:\\\/\\\/linkedin.com\\\/company\\\/gfariasonline\",\"https:\\\/\\\/www.youtube.com\\\/channel\\\/UCO_0C8iIua1Be3RxelFNBPQ\"]}]}<\/script>\n<!-- \/ Yoast SEO plugin. -->","yoast_head_json":{"title":"Nossas Publica\u00e7\u00f5es - GFarias Educa\u00e7\u00e3o","robots":{"index":"index","follow":"follow","max-snippet":"max-snippet:-1","max-image-preview":"max-image-preview:large","max-video-preview":"max-video-preview:-1"},"canonical":"https:\/\/gfarias.com\/web\/sobre\/nossas-publicacoes\/","og_locale":"pt_BR","og_type":"article","og_title":"Nossas Publica\u00e7\u00f5es - GFarias Educa\u00e7\u00e3o","og_description":"Nossas publica&ccedil;&otilde;es Os consultores associados \u00e0 GFarias possuem atividade acad\u00eamica de pesquisa para sempre se manterem \u00e0 frente em suas respectivas \u00e1reas. Os consultores da GFarias desenvolvem ou desenvolveram pesquisa aplicada, com publica\u00e7\u00f5es em revistas e confer\u00eancias cient\u00edficas, nas seguintes \u00e1reas: Metodologias ativas de aprendizagem Experimentamos e publicamos sobre as ...","og_url":"https:\/\/gfarias.com\/web\/sobre\/nossas-publicacoes\/","og_site_name":"GFarias Educa\u00e7\u00e3o","article_publisher":"https:\/\/facebook.com\/gfariasonline","article_modified_time":"2022-05-27T21:04:06+00:00","og_image":[{"width":500,"height":140,"url":"https:\/\/gfarias.com\/web\/wp-content\/uploads\/2019\/07\/gfarias_logo.png","type":"image\/png"}],"twitter_card":"summary_large_image","twitter_site":"@gfariasonline","twitter_misc":{"Est. tempo de leitura":"6 minutos"},"schema":{"@context":"https:\/\/schema.org","@graph":[{"@type":"WebPage","@id":"https:\/\/gfarias.com\/web\/sobre\/nossas-publicacoes\/","url":"https:\/\/gfarias.com\/web\/sobre\/nossas-publicacoes\/","name":"Nossas Publica\u00e7\u00f5es - GFarias Educa\u00e7\u00e3o","isPartOf":{"@id":"https:\/\/gfarias.com\/web\/#website"},"primaryImageOfPage":{"@id":"https:\/\/gfarias.com\/web\/sobre\/nossas-publicacoes\/#primaryimage"},"image":{"@id":"https:\/\/gfarias.com\/web\/sobre\/nossas-publicacoes\/#primaryimage"},"thumbnailUrl":"https:\/\/gfarias.com\/web\/wp-content\/uploads\/2019\/07\/gfarias_logo.png","datePublished":"2019-08-19T11:29:58+00:00","dateModified":"2022-05-27T21:04:06+00:00","breadcrumb":{"@id":"https:\/\/gfarias.com\/web\/sobre\/nossas-publicacoes\/#breadcrumb"},"inLanguage":"pt-BR","potentialAction":[{"@type":"ReadAction","target":["https:\/\/gfarias.com\/web\/sobre\/nossas-publicacoes\/"]}]},{"@type":"ImageObject","inLanguage":"pt-BR","@id":"https:\/\/gfarias.com\/web\/sobre\/nossas-publicacoes\/#primaryimage","url":"https:\/\/gfarias.com\/web\/wp-content\/uploads\/2019\/07\/gfarias_logo.png","contentUrl":"https:\/\/gfarias.com\/web\/wp-content\/uploads\/2019\/07\/gfarias_logo.png","width":500,"height":140},{"@type":"BreadcrumbList","@id":"https:\/\/gfarias.com\/web\/sobre\/nossas-publicacoes\/#breadcrumb","itemListElement":[{"@type":"ListItem","position":1,"name":"Home","item":"https:\/\/gfarias.com\/web\/"},{"@type":"ListItem","position":2,"name":"SOBRE","item":"https:\/\/gfarias.com\/web\/sobre\/"},{"@type":"ListItem","position":3,"name":"Nossas Publica\u00e7\u00f5es"}]},{"@type":"WebSite","@id":"https:\/\/gfarias.com\/web\/#website","url":"https:\/\/gfarias.com\/web\/","name":"GFarias Educa\u00e7\u00e3o","description":"Conhecimento, tecnologia e servi\u00e7os para EAD.","publisher":{"@id":"https:\/\/gfarias.com\/web\/#organization"},"alternateName":"Gfarias","potentialAction":[{"@type":"SearchAction","target":{"@type":"EntryPoint","urlTemplate":"https:\/\/gfarias.com\/web\/?s={search_term_string}"},"query-input":{"@type":"PropertyValueSpecification","valueRequired":true,"valueName":"search_term_string"}}],"inLanguage":"pt-BR"},{"@type":"Organization","@id":"https:\/\/gfarias.com\/web\/#organization","name":"GFarias Educa\u00e7\u00e3o Ltda - EPP","alternateName":"Gfarias","url":"https:\/\/gfarias.com\/web\/","logo":{"@type":"ImageObject","inLanguage":"pt-BR","@id":"https:\/\/gfarias.com\/web\/#\/schema\/logo\/image\/","url":"https:\/\/gfarias.com\/web\/wp-content\/uploads\/2025\/11\/gfarias_sqr.png","contentUrl":"https:\/\/gfarias.com\/web\/wp-content\/uploads\/2025\/11\/gfarias_sqr.png","width":1981,"height":1980,"caption":"GFarias Educa\u00e7\u00e3o Ltda - EPP"},"image":{"@id":"https:\/\/gfarias.com\/web\/#\/schema\/logo\/image\/"},"sameAs":["https:\/\/facebook.com\/gfariasonline","https:\/\/x.com\/gfariasonline","https:\/\/instagram.com\/gfariasonline","https:\/\/linkedin.com\/company\/gfariasonline","https:\/\/www.youtube.com\/channel\/UCO_0C8iIua1Be3RxelFNBPQ"]}]}},"_links":{"self":[{"href":"https:\/\/gfarias.com\/web\/wp-json\/wp\/v2\/pages\/1063","targetHints":{"allow":["GET"]}}],"collection":[{"href":"https:\/\/gfarias.com\/web\/wp-json\/wp\/v2\/pages"}],"about":[{"href":"https:\/\/gfarias.com\/web\/wp-json\/wp\/v2\/types\/page"}],"author":[{"embeddable":true,"href":"https:\/\/gfarias.com\/web\/wp-json\/wp\/v2\/users\/3"}],"replies":[{"embeddable":true,"href":"https:\/\/gfarias.com\/web\/wp-json\/wp\/v2\/comments?post=1063"}],"version-history":[{"count":22,"href":"https:\/\/gfarias.com\/web\/wp-json\/wp\/v2\/pages\/1063\/revisions"}],"predecessor-version":[{"id":4675,"href":"https:\/\/gfarias.com\/web\/wp-json\/wp\/v2\/pages\/1063\/revisions\/4675"}],"up":[{"embeddable":true,"href":"https:\/\/gfarias.com\/web\/wp-json\/wp\/v2\/pages\/970"}],"wp:featuredmedia":[{"embeddable":true,"href":"https:\/\/gfarias.com\/web\/wp-json\/wp\/v2\/media\/536"}],"wp:attachment":[{"href":"https:\/\/gfarias.com\/web\/wp-json\/wp\/v2\/media?parent=1063"}],"curies":[{"name":"wp","href":"https:\/\/api.w.org\/{rel}","templated":true}]}}