{"id":1238,"date":"2019-08-21T02:56:52","date_gmt":"2019-08-21T02:56:52","guid":{"rendered":"https:\/\/gfarias.com\/web2\/?page_id=1238"},"modified":"2026-04-01T16:48:46","modified_gmt":"2026-04-01T19:48:46","slug":"comercial","status":"publish","type":"page","link":"https:\/\/gfarias.com\/web\/contato\/comercial\/","title":{"rendered":"Fale conosco"},"content":{"rendered":"<div id=\"cs-content\" class=\"cs-content\"><div class=\"x-section e1238-e1 mye-0 mye-1 mye-2\"><div class=\"x-bg\" aria-hidden=\"true\"><div class=\"x-bg-layer-lower-image\"><\/div><\/div><div class=\"x-container max width e1238-e2 mye-5 mye-6 mye-7\"><div class=\"x-column x-sm x-1-1 e1238-e3 mye-a mye-b mye-c\"><div class=\"x-text x-text-headline e1238-e4 mye-e\"><div class=\"x-text-content\"><div class=\"x-text-content-text\"><h1 class=\"x-text-content-text-primary\">Fale conosco<\/h1>\n<\/div><\/div><\/div><\/div><\/div><span class=\"x-separator-bottom-curve-in\" style=\"bottom: 17px; height: 40px; color: rgb(0, 102, 216);\" aria-hidden=\"true\"><svg class=\"curve-bottom-in\" style=\"fill: currentColor;\" xmlns=\"http:\/\/www.w3.org\/2000\/svg\" version=\"1.1\" viewBox=\"0 0 100 50\" preserveAspectRatio=\"none\"><path d=\"M0,50V0h50C22.4,0,0,50,0,50z\"\/><path d=\"M50,0h50v50C100,50,77.6,0,50,0z\"\/><\/svg><\/span><\/div><div class=\"x-section e1238-e5 mye-0 mye-1 mye-3\"><div class=\"x-container max width e1238-e6 mye-6 mye-8 mye-9\"><div class=\"x-column x-sm x-2-3 e1238-e7 mye-a mye-d\"><div class=\"x-content-area e1238-e8 mye-f\">\n<div class=\"wpcf7 no-js\" id=\"wpcf7-f2461-o1\" lang=\"en-US\" dir=\"ltr\" data-wpcf7-id=\"2461\">\n<div class=\"screen-reader-response\"><p role=\"status\" aria-live=\"polite\" aria-atomic=\"true\"><\/p> <ul><\/ul><\/div>\n<form action=\"\/web\/wp-json\/wp\/v2\/pages\/1238#wpcf7-f2461-o1\" method=\"post\" class=\"wpcf7-form init\" aria-label=\"Contact form\" novalidate=\"novalidate\" data-status=\"init\">\n<fieldset class=\"hidden-fields-container\"><input type=\"hidden\" name=\"_wpcf7\" value=\"2461\" \/><input type=\"hidden\" name=\"_wpcf7_version\" value=\"6.1.6\" \/><input type=\"hidden\" name=\"_wpcf7_locale\" value=\"en_US\" \/><input type=\"hidden\" name=\"_wpcf7_unit_tag\" value=\"wpcf7-f2461-o1\" \/><input type=\"hidden\" name=\"_wpcf7_container_post\" value=\"0\" \/><input type=\"hidden\" name=\"_wpcf7_posted_data_hash\" value=\"\" \/><input type=\"hidden\" name=\"_wpcf7_recaptcha_response\" value=\"\" \/>\n<\/fieldset>\n<p><label> Seu nome (obrigat\u00f3rio)<br \/>\n<span class=\"wpcf7-form-control-wrap\" data-name=\"your-name\"><input size=\"40\" maxlength=\"400\" class=\"wpcf7-form-control wpcf7-text wpcf7-validates-as-required\" aria-required=\"true\" aria-invalid=\"false\" value=\"\" type=\"text\" name=\"your-name\" \/><\/span> <\/label>\n<\/p>\n<p><label> Seu Email (obrigat\u00f3rio)<br \/>\n<span class=\"wpcf7-form-control-wrap\" data-name=\"your-email\"><input size=\"40\" maxlength=\"400\" class=\"wpcf7-form-control wpcf7-email wpcf7-validates-as-required wpcf7-text wpcf7-validates-as-email\" aria-required=\"true\" aria-invalid=\"false\" value=\"\" type=\"email\" name=\"your-email\" \/><\/span> <\/label>\n<\/p>\n<p><label> Seu fone (com DDD)<br \/>\n<span class=\"wpcf7-form-control-wrap\" data-name=\"Telefone\"><input size=\"40\" maxlength=\"400\" class=\"wpcf7-form-control wpcf7-tel wpcf7-text wpcf7-validates-as-tel\" aria-invalid=\"false\" placeholder=\"(ddd) 0000-0000\" value=\"\" type=\"tel\" name=\"Telefone\" \/><\/span> <\/label>\n<\/p>\n<p><label> Como nos encontrou?<br \/>\n<span class=\"wpcf7-form-control-wrap\" data-name=\"menu-962\"><select class=\"wpcf7-form-control wpcf7-select wpcf7-validates-as-required\" aria-required=\"true\" aria-invalid=\"false\" name=\"menu-962\"><option value=\"\">&#8212;Please choose an option&#8212;<\/option><option value=\"Indica\u00e7\u00e3o de algu\u00e9m\">Indica\u00e7\u00e3o de algu\u00e9m<\/option><option value=\"Busca no Google\">Busca no Google<\/option><option value=\"Youtube\">Youtube<\/option><option value=\"Instagram\">Instagram<\/option><option value=\"Facebook\">Facebook<\/option><option value=\"Linkedin\">Linkedin<\/option><\/select><\/span><\/label>\n<\/p>\n<p><label> Assunto<br \/>\n<span class=\"wpcf7-form-control-wrap\" data-name=\"your-subject\"><input size=\"40\" maxlength=\"400\" class=\"wpcf7-form-control wpcf7-text\" aria-invalid=\"false\" value=\"\" type=\"text\" name=\"your-subject\" \/><\/span> <\/label>\n<\/p>\n<p><label> Sua mensagem<br \/>\n<span class=\"wpcf7-form-control-wrap\" data-name=\"your-message\"><textarea cols=\"40\" rows=\"10\" maxlength=\"2000\" class=\"wpcf7-form-control wpcf7-textarea wpcf7-validates-as-required\" aria-required=\"true\" aria-invalid=\"false\" name=\"your-message\"><\/textarea><\/span> <\/label>\n<\/p>\n<p><input class=\"wpcf7-form-control wpcf7-submit has-spinner\" type=\"submit\" value=\"Enviar\" \/>\n<\/p><p style=\"display: none !important;\" class=\"akismet-fields-container\" data-prefix=\"_wpcf7_ak_\"><label>&#916;<textarea name=\"_wpcf7_ak_hp_textarea\" cols=\"45\" rows=\"8\" maxlength=\"100\"><\/textarea><\/label><input type=\"hidden\" id=\"ak_js_1\" name=\"_wpcf7_ak_js\" value=\"112\"\/><script>document.getElementById( \"ak_js_1\" ).setAttribute( \"value\", ( new Date() ).getTime() );<\/script><\/p><div class=\"wpcf7-response-output\" aria-hidden=\"true\"><\/div>\n<\/form>\n<\/div>\n<\/div><\/div><div class=\"x-column x-sm x-1-3 e1238-e9 mye-a mye-b\"><a  class=\"x-creative-cta slide-left\" href=\"https:\/\/gfarias.com\/web\/contato\/ouvidoria\/\" style=\"padding: 10px 10px 10px 10px; color: hsl(0, 0%, 100%); background-color: #ff2a13;\" data-x-element=\"creative_cta\" data-x-params=\"{&quot;animation&quot;:&quot; slide-left&quot;,&quot;bg_color&quot;:&quot;#ff2a13&quot;,&quot;bg_color_hover&quot;:&quot;#d80f0f&quot;}\"><span class=\"text\" style=\"font-size: 24px;\">Reclama\u00e7\u00f5es, cr\u00edticas e sugest\u00f5es, clique aqui!<\/span><span class=\"graphic\"><i style=\"margin: 0; font-size: 48px;\" class=\"x-icon-bullhorn\" data-x-icon-s=\"&#xf0a1;\"><\/i><\/span><\/a><div class=\"x-content-area e1238-e11 mye-f\"><h6>Outras formas de contato<\/h6>\n<p>Nos contate via fone, texto de WhatsApp, Skype, email direto ou use o formul&aacute;rio de contato.<\/p>\n<p><!--<\/p>\n[x_icon type=\"phone\"] 55 (11) 3042.9910 <br \/>--><br \/><a style=\"color: #aaa;\" href=\"https:\/\/wa.me\/5511933355761?text=Ol%C3%A1!%20Gostaria%20de%20falar%20sobre%20os%20servi%C3%A7os%20da%20Gfarias.\" target=\"_blank\" rel=\"noopener\" data-wplink-url-error=\"true\"><span style=\"color: #808080;\"> <i  class=\"x-icon x-icon-whatsapp\" data-x-icon-b=\"&#xf232;\" aria-hidden=\"true\"><\/i> Via central WhatsApp (texto)<\/span><\/a><br \/><a style=\"color: #8b8b8b;\" href=\"mailto:contato@gfarias.com\"><i  class=\"x-icon x-icon-envelope\" data-x-icon-s=\"&#xf0e0;\" aria-hidden=\"true\"><\/i> contato@gfarias.com<\/a><\/p>\n<p><i  class=\"x-icon x-icon-phone\" data-x-icon-s=\"&#xf095;\" aria-hidden=\"true\"><\/i> +55 11 5028 0017<br \/><br \/><i  class=\"x-icon x-icon-calendar\" data-x-icon-s=\"&#xf133;\" aria-hidden=\"true\"><\/i> <b>Para agendamento direto com nosso contato comercial<a href=\"https:\/\/meetings.hubspot.com\/jean-c\" target=\"_blank\" rel=\"noopener\"> clique aqui<\/a>.<\/b><\/p><\/div><div class=\"x-content-area e1238-e12 mye-f\"><p>ENDERE\u00c7O<br \/>\n<i  class=\"x-icon x-icon-envelope-o\" data-x-icon-s=\"&#xf0e0;\" aria-hidden=\"true\"><\/i> <strong>GFarias Educa\u00e7\u00e3o Ltda<\/strong><br \/>\nR. Pe. Guilherme Pompeu, 01<br \/>\nCentro, Santana de Parna\u00edba\/SP<br \/>\nCEP 06.501-055<\/p><\/div><\/div><\/div><div class=\"x-container max width e1238-e13 mye-6 mye-7 mye-8 hidden\"><div class=\"x-column x-sm x-1-2 e1238-e14 mye-a mye-b\"><span class=\"x-image e1238-e15 mye-g\"><img decoding=\"async\" src=\"https:\/\/gfarias.com\/web\/wp-content\/uploads\/2019\/07\/inaitec.jpg\" width=\"800\" height=\"500\" alt=\"Image\" loading=\"lazy\"><\/span><\/div><div class=\"x-column x-sm x-1-2 e1238-e16 mye-a mye-b\"><div class=\"x-frame x-frame-map-embed e1238-e17 mye-h\"><div class=\"x-frame-inner\"><div class=\"x-map x-map-embed\"><iframe loading=\"lazy\" src=\"https:\/\/www.google.com\/maps\/embed?pb=!1m18!1m12!1m3!1d3535.0560434189665!2d-48.67770714937535!3d-27.622780882742592!2m3!1f0!2f0!3f0!3m2!1i1024!2i768!4f13.1!3m3!1m2!1s0x95273583c1360627%3A0xc06bb2edfa0b8dfb!2sAv.+das+%C3%81guias%2C+231+-+Cidade+Universit%C3%A1ria+Pedra+Branca%2C+Palho%C3%A7a+-+SC%2C+88133-260!5e0!3m2!1sen!2sbr!4v1564369425552!5m2!1sen!2sbr\" width=\"100%\" height=\"600\" frameborder=\"0\" style=\"border:0\" allowfullscreen><\/iframe><\/div><\/div><\/div><\/div><\/div><\/div><div class=\"x-section e1238-e18 mye-0 mye-3 mye-4\"><div class=\"x-row x-container max width e1238-e19 mye-i mye-j\"><div class=\"x-row-inner\"><div class=\"x-col e1238-e20 mye-k\"><div class=\"cs-content x-global-block x-global-block-2942 e1238-e21\"><div class=\"x-section e2942-e2 m29q-0\" id=\"newsletter\"><div class=\"x-row x-container max width e2942-e3 m29q-1 m29q-2 m29q-3 m29q-4 m29q-8 m29q-9\"><div class=\"x-row-inner\"><div class=\"x-col e2942-e4 m29q-c m29q-d m29q-e\"><div class=\"x-text x-content e2942-e5 m29q-i\"><p style=\"text-align: center;\"><span style=\"color: #808080;\">Receba <strong><span style=\"color: #333333;\">um email bimestral<\/span><\/strong> com colet\u00e2nea de novidades e nossas publica\u00e7\u00f5es com conhecimento sobre ideias, metodologias e tecnologia voltadas para Educa\u00e7\u00e3o.<br \/>\n<\/span><\/p><\/div><\/div><\/div><\/div><div class=\"x-row x-container max width e2942-e6 m29q-1 m29q-2 m29q-5 m29q-6 m29q-8 m29q-a\"><div class=\"x-row-inner\"><div class=\"x-col x-hide-sm x-hide-xs e2942-e7 m29q-c m29q-e m29q-f\"><hr class=\"x-line e2942-e8 m29q-j\"\/><\/div><div class=\"x-col e2942-e9 m29q-c m29q-g\"><div class=\"x-widget-area e2942-e10 m29q-k\"><div id=\"newsletterwidgetminimal-2\" class=\"widget widget_newsletterwidgetminimal\"><h4 class=\"h-widget\">Assine nossa newsletter<\/h4><div class=\"tnp tnp-widget-minimal\"><form class=\"tnp-form\" action=\"https:\/\/gfarias.com\/web\/wp-admin\/admin-ajax.php?action=tnp&na=s\" method=\"post\"><input type=\"hidden\" name=\"nr\" value=\"widget-minimal\"\/><input class=\"tnp-email\" type=\"email\" required name=\"ne\" value=\"\" placeholder=\"Email\" aria-label=\"Email\"><input class=\"tnp-submit\" type=\"submit\" value=\"Assinar\"><\/form><\/div><\/div><\/div><div class=\"x-text x-content e2942-e11 m29q-i\"><p style=\"text-align: center;\"><span style=\"color: #808080;\">Tratamos seu email de acordo com a <a href=\"https:\/\/pt.wikipedia.org\/wiki\/Lei_Geral_de_Prote%C3%A7%C3%A3o_de_Dados_Pessoais\" target=\"_blank\" rel=\"noopener\">LGPD<\/a>.<br \/>\nVide nossa <a href=\"https:\/\/www.gfarias.com\/privacidade\" rel=\"noopener\">pol\u00edtica de privacidade<\/a>.<\/span><\/p><\/div><\/div><div class=\"x-col x-hide-sm x-hide-xs e2942-e12 m29q-c m29q-e m29q-h\"><hr class=\"x-line e2942-e13 m29q-j\"\/><\/div><\/div><\/div><div class=\"x-row x-container max width e2942-e14 m29q-1 m29q-4 m29q-5 m29q-7 m29q-8 m29q-b\"><div class=\"x-row-inner\"><\/div><\/div><\/div><\/div><\/div><\/div><\/div><\/div><\/div>\n","protected":false},"excerpt":{"rendered":"<p>Fale conosco Seu nome (obrigat\u00f3rio) Seu Email (obrigat\u00f3rio) Seu fone (com DDD) Como nos encontrou? &#8212;Please choose an option&#8212;Indica\u00e7\u00e3o de algu\u00e9mBusca no GoogleYoutubeInstagramFacebookLinkedin Assunto Sua mensagem &#916; Reclama\u00e7\u00f5es, cr\u00edticas e sugest\u00f5es, clique aqui!Outras formas de contato Nos contate via fone, texto de WhatsApp, Skype, email direto ou use o formul&aacute;rio &#8230;<\/p>\n","protected":false},"author":3,"featured_media":536,"parent":608,"menu_order":0,"comment_status":"closed","ping_status":"closed","template":"template-blank-4.php","meta":{"rs_blank_template":"","rs_page_bg_color":"#ffffff","slide_template_v7":"","_joinchat":[],"footnotes":""},"class_list":["post-1238","page","type-page","status-publish","has-post-thumbnail","hentry"],"yoast_head":"<!-- This site is optimized with the Yoast SEO plugin v27.6 - https:\/\/yoast.com\/product\/yoast-seo-wordpress\/ -->\n<title>Fale conosco - GFarias Educa\u00e7\u00e3o<\/title>\n<meta name=\"robots\" content=\"index, follow, max-snippet:-1, max-image-preview:large, max-video-preview:-1\" \/>\n<link rel=\"canonical\" href=\"https:\/\/gfarias.com\/web\/contato\/comercial\/\" \/>\n<meta property=\"og:locale\" content=\"pt_BR\" \/>\n<meta property=\"og:type\" content=\"article\" \/>\n<meta property=\"og:title\" content=\"Fale conosco - GFarias Educa\u00e7\u00e3o\" \/>\n<meta property=\"og:description\" content=\"Fale conosco Seu nome (obrigat\u00f3rio) Seu Email (obrigat\u00f3rio) Seu fone (com DDD) Como nos encontrou? &#8212;Please choose an option&#8212;Indica\u00e7\u00e3o de algu\u00e9mBusca no GoogleYoutubeInstagramFacebookLinkedin Assunto Sua mensagem &#916; Reclama\u00e7\u00f5es, cr\u00edticas e sugest\u00f5es, clique aqui!Outras formas de contato Nos contate via fone, texto de WhatsApp, Skype, email direto ou use o formul&aacute;rio ...\" \/>\n<meta property=\"og:url\" content=\"https:\/\/gfarias.com\/web\/contato\/comercial\/\" \/>\n<meta property=\"og:site_name\" content=\"GFarias Educa\u00e7\u00e3o\" \/>\n<meta property=\"article:publisher\" content=\"https:\/\/facebook.com\/gfariasonline\" \/>\n<meta property=\"article:modified_time\" content=\"2026-04-01T19:48:46+00:00\" \/>\n<meta property=\"og:image\" content=\"https:\/\/gfarias.com\/web\/wp-content\/uploads\/2019\/07\/gfarias_logo.png\" \/>\n\t<meta property=\"og:image:width\" content=\"500\" \/>\n\t<meta property=\"og:image:height\" content=\"140\" \/>\n\t<meta property=\"og:image:type\" content=\"image\/png\" \/>\n<meta name=\"twitter:card\" content=\"summary_large_image\" \/>\n<meta name=\"twitter:site\" content=\"@gfariasonline\" \/>\n<meta name=\"twitter:label1\" content=\"Est. tempo de leitura\" \/>\n\t<meta name=\"twitter:data1\" content=\"1 minuto\" \/>\n<script type=\"application\/ld+json\" class=\"yoast-schema-graph\">{\"@context\":\"https:\\\/\\\/schema.org\",\"@graph\":[{\"@type\":\"WebPage\",\"@id\":\"https:\\\/\\\/gfarias.com\\\/web\\\/contato\\\/comercial\\\/\",\"url\":\"https:\\\/\\\/gfarias.com\\\/web\\\/contato\\\/comercial\\\/\",\"name\":\"Fale conosco - GFarias Educa\u00e7\u00e3o\",\"isPartOf\":{\"@id\":\"https:\\\/\\\/gfarias.com\\\/web\\\/#website\"},\"primaryImageOfPage\":{\"@id\":\"https:\\\/\\\/gfarias.com\\\/web\\\/contato\\\/comercial\\\/#primaryimage\"},\"image\":{\"@id\":\"https:\\\/\\\/gfarias.com\\\/web\\\/contato\\\/comercial\\\/#primaryimage\"},\"thumbnailUrl\":\"https:\\\/\\\/gfarias.com\\\/web\\\/wp-content\\\/uploads\\\/2019\\\/07\\\/gfarias_logo.png\",\"datePublished\":\"2019-08-21T02:56:52+00:00\",\"dateModified\":\"2026-04-01T19:48:46+00:00\",\"breadcrumb\":{\"@id\":\"https:\\\/\\\/gfarias.com\\\/web\\\/contato\\\/comercial\\\/#breadcrumb\"},\"inLanguage\":\"pt-BR\",\"potentialAction\":[{\"@type\":\"ReadAction\",\"target\":[\"https:\\\/\\\/gfarias.com\\\/web\\\/contato\\\/comercial\\\/\"]}]},{\"@type\":\"ImageObject\",\"inLanguage\":\"pt-BR\",\"@id\":\"https:\\\/\\\/gfarias.com\\\/web\\\/contato\\\/comercial\\\/#primaryimage\",\"url\":\"https:\\\/\\\/gfarias.com\\\/web\\\/wp-content\\\/uploads\\\/2019\\\/07\\\/gfarias_logo.png\",\"contentUrl\":\"https:\\\/\\\/gfarias.com\\\/web\\\/wp-content\\\/uploads\\\/2019\\\/07\\\/gfarias_logo.png\",\"width\":500,\"height\":140},{\"@type\":\"BreadcrumbList\",\"@id\":\"https:\\\/\\\/gfarias.com\\\/web\\\/contato\\\/comercial\\\/#breadcrumb\",\"itemListElement\":[{\"@type\":\"ListItem\",\"position\":1,\"name\":\"Home\",\"item\":\"https:\\\/\\\/gfarias.com\\\/web\\\/\"},{\"@type\":\"ListItem\",\"position\":2,\"name\":\"CONTATO\",\"item\":\"https:\\\/\\\/gfarias.com\\\/web\\\/contato\\\/\"},{\"@type\":\"ListItem\",\"position\":3,\"name\":\"Fale conosco\"}]},{\"@type\":\"WebSite\",\"@id\":\"https:\\\/\\\/gfarias.com\\\/web\\\/#website\",\"url\":\"https:\\\/\\\/gfarias.com\\\/web\\\/\",\"name\":\"GFarias Educa\u00e7\u00e3o\",\"description\":\"Conhecimento, tecnologia e servi\u00e7os para EAD.\",\"publisher\":{\"@id\":\"https:\\\/\\\/gfarias.com\\\/web\\\/#organization\"},\"alternateName\":\"Gfarias\",\"potentialAction\":[{\"@type\":\"SearchAction\",\"target\":{\"@type\":\"EntryPoint\",\"urlTemplate\":\"https:\\\/\\\/gfarias.com\\\/web\\\/?s={search_term_string}\"},\"query-input\":{\"@type\":\"PropertyValueSpecification\",\"valueRequired\":true,\"valueName\":\"search_term_string\"}}],\"inLanguage\":\"pt-BR\"},{\"@type\":\"Organization\",\"@id\":\"https:\\\/\\\/gfarias.com\\\/web\\\/#organization\",\"name\":\"GFarias Educa\u00e7\u00e3o Ltda - EPP\",\"alternateName\":\"Gfarias\",\"url\":\"https:\\\/\\\/gfarias.com\\\/web\\\/\",\"logo\":{\"@type\":\"ImageObject\",\"inLanguage\":\"pt-BR\",\"@id\":\"https:\\\/\\\/gfarias.com\\\/web\\\/#\\\/schema\\\/logo\\\/image\\\/\",\"url\":\"https:\\\/\\\/gfarias.com\\\/web\\\/wp-content\\\/uploads\\\/2025\\\/11\\\/gfarias_sqr.png\",\"contentUrl\":\"https:\\\/\\\/gfarias.com\\\/web\\\/wp-content\\\/uploads\\\/2025\\\/11\\\/gfarias_sqr.png\",\"width\":1981,\"height\":1980,\"caption\":\"GFarias Educa\u00e7\u00e3o Ltda - EPP\"},\"image\":{\"@id\":\"https:\\\/\\\/gfarias.com\\\/web\\\/#\\\/schema\\\/logo\\\/image\\\/\"},\"sameAs\":[\"https:\\\/\\\/facebook.com\\\/gfariasonline\",\"https:\\\/\\\/x.com\\\/gfariasonline\",\"https:\\\/\\\/instagram.com\\\/gfariasonline\",\"https:\\\/\\\/linkedin.com\\\/company\\\/gfariasonline\",\"https:\\\/\\\/www.youtube.com\\\/channel\\\/UCO_0C8iIua1Be3RxelFNBPQ\"]}]}<\/script>\n<!-- \/ Yoast SEO plugin. -->","yoast_head_json":{"title":"Fale conosco - GFarias Educa\u00e7\u00e3o","robots":{"index":"index","follow":"follow","max-snippet":"max-snippet:-1","max-image-preview":"max-image-preview:large","max-video-preview":"max-video-preview:-1"},"canonical":"https:\/\/gfarias.com\/web\/contato\/comercial\/","og_locale":"pt_BR","og_type":"article","og_title":"Fale conosco - GFarias Educa\u00e7\u00e3o","og_description":"Fale conosco Seu nome (obrigat\u00f3rio) Seu Email (obrigat\u00f3rio) Seu fone (com DDD) Como nos encontrou? &#8212;Please choose an option&#8212;Indica\u00e7\u00e3o de algu\u00e9mBusca no GoogleYoutubeInstagramFacebookLinkedin Assunto Sua mensagem &#916; Reclama\u00e7\u00f5es, cr\u00edticas e sugest\u00f5es, clique aqui!Outras formas de contato Nos contate via fone, texto de WhatsApp, Skype, email direto ou use o formul&aacute;rio ...","og_url":"https:\/\/gfarias.com\/web\/contato\/comercial\/","og_site_name":"GFarias Educa\u00e7\u00e3o","article_publisher":"https:\/\/facebook.com\/gfariasonline","article_modified_time":"2026-04-01T19:48:46+00:00","og_image":[{"width":500,"height":140,"url":"https:\/\/gfarias.com\/web\/wp-content\/uploads\/2019\/07\/gfarias_logo.png","type":"image\/png"}],"twitter_card":"summary_large_image","twitter_site":"@gfariasonline","twitter_misc":{"Est. tempo de leitura":"1 minuto"},"schema":{"@context":"https:\/\/schema.org","@graph":[{"@type":"WebPage","@id":"https:\/\/gfarias.com\/web\/contato\/comercial\/","url":"https:\/\/gfarias.com\/web\/contato\/comercial\/","name":"Fale conosco - GFarias Educa\u00e7\u00e3o","isPartOf":{"@id":"https:\/\/gfarias.com\/web\/#website"},"primaryImageOfPage":{"@id":"https:\/\/gfarias.com\/web\/contato\/comercial\/#primaryimage"},"image":{"@id":"https:\/\/gfarias.com\/web\/contato\/comercial\/#primaryimage"},"thumbnailUrl":"https:\/\/gfarias.com\/web\/wp-content\/uploads\/2019\/07\/gfarias_logo.png","datePublished":"2019-08-21T02:56:52+00:00","dateModified":"2026-04-01T19:48:46+00:00","breadcrumb":{"@id":"https:\/\/gfarias.com\/web\/contato\/comercial\/#breadcrumb"},"inLanguage":"pt-BR","potentialAction":[{"@type":"ReadAction","target":["https:\/\/gfarias.com\/web\/contato\/comercial\/"]}]},{"@type":"ImageObject","inLanguage":"pt-BR","@id":"https:\/\/gfarias.com\/web\/contato\/comercial\/#primaryimage","url":"https:\/\/gfarias.com\/web\/wp-content\/uploads\/2019\/07\/gfarias_logo.png","contentUrl":"https:\/\/gfarias.com\/web\/wp-content\/uploads\/2019\/07\/gfarias_logo.png","width":500,"height":140},{"@type":"BreadcrumbList","@id":"https:\/\/gfarias.com\/web\/contato\/comercial\/#breadcrumb","itemListElement":[{"@type":"ListItem","position":1,"name":"Home","item":"https:\/\/gfarias.com\/web\/"},{"@type":"ListItem","position":2,"name":"CONTATO","item":"https:\/\/gfarias.com\/web\/contato\/"},{"@type":"ListItem","position":3,"name":"Fale conosco"}]},{"@type":"WebSite","@id":"https:\/\/gfarias.com\/web\/#website","url":"https:\/\/gfarias.com\/web\/","name":"GFarias Educa\u00e7\u00e3o","description":"Conhecimento, tecnologia e servi\u00e7os para EAD.","publisher":{"@id":"https:\/\/gfarias.com\/web\/#organization"},"alternateName":"Gfarias","potentialAction":[{"@type":"SearchAction","target":{"@type":"EntryPoint","urlTemplate":"https:\/\/gfarias.com\/web\/?s={search_term_string}"},"query-input":{"@type":"PropertyValueSpecification","valueRequired":true,"valueName":"search_term_string"}}],"inLanguage":"pt-BR"},{"@type":"Organization","@id":"https:\/\/gfarias.com\/web\/#organization","name":"GFarias Educa\u00e7\u00e3o Ltda - EPP","alternateName":"Gfarias","url":"https:\/\/gfarias.com\/web\/","logo":{"@type":"ImageObject","inLanguage":"pt-BR","@id":"https:\/\/gfarias.com\/web\/#\/schema\/logo\/image\/","url":"https:\/\/gfarias.com\/web\/wp-content\/uploads\/2025\/11\/gfarias_sqr.png","contentUrl":"https:\/\/gfarias.com\/web\/wp-content\/uploads\/2025\/11\/gfarias_sqr.png","width":1981,"height":1980,"caption":"GFarias Educa\u00e7\u00e3o Ltda - EPP"},"image":{"@id":"https:\/\/gfarias.com\/web\/#\/schema\/logo\/image\/"},"sameAs":["https:\/\/facebook.com\/gfariasonline","https:\/\/x.com\/gfariasonline","https:\/\/instagram.com\/gfariasonline","https:\/\/linkedin.com\/company\/gfariasonline","https:\/\/www.youtube.com\/channel\/UCO_0C8iIua1Be3RxelFNBPQ"]}]}},"_links":{"self":[{"href":"https:\/\/gfarias.com\/web\/wp-json\/wp\/v2\/pages\/1238","targetHints":{"allow":["GET"]}}],"collection":[{"href":"https:\/\/gfarias.com\/web\/wp-json\/wp\/v2\/pages"}],"about":[{"href":"https:\/\/gfarias.com\/web\/wp-json\/wp\/v2\/types\/page"}],"author":[{"embeddable":true,"href":"https:\/\/gfarias.com\/web\/wp-json\/wp\/v2\/users\/3"}],"replies":[{"embeddable":true,"href":"https:\/\/gfarias.com\/web\/wp-json\/wp\/v2\/comments?post=1238"}],"version-history":[{"count":31,"href":"https:\/\/gfarias.com\/web\/wp-json\/wp\/v2\/pages\/1238\/revisions"}],"predecessor-version":[{"id":6480,"href":"https:\/\/gfarias.com\/web\/wp-json\/wp\/v2\/pages\/1238\/revisions\/6480"}],"up":[{"embeddable":true,"href":"https:\/\/gfarias.com\/web\/wp-json\/wp\/v2\/pages\/608"}],"wp:featuredmedia":[{"embeddable":true,"href":"https:\/\/gfarias.com\/web\/wp-json\/wp\/v2\/media\/536"}],"wp:attachment":[{"href":"https:\/\/gfarias.com\/web\/wp-json\/wp\/v2\/media?parent=1238"}],"curies":[{"name":"wp","href":"https:\/\/api.w.org\/{rel}","templated":true}]}}