{"id":1809,"date":"2019-09-01T04:04:35","date_gmt":"2019-09-01T04:04:35","guid":{"rendered":"https:\/\/gfarias.com\/web2\/?page_id=1809"},"modified":"2020-05-06T00:02:18","modified_gmt":"2020-05-06T03:02:18","slug":"flashcards","status":"publish","type":"page","link":"https:\/\/gfarias.com\/web\/solucoes\/h5p\/flashcards\/","title":{"rendered":"Flashcards"},"content":{"rendered":"<div id=\"cs-content\" class=\"cs-content\"><\/div>\n","protected":false},"excerpt":{"rendered":"<p>H5P Flashcards Flashcards s\u00e3o compostos por &#8216;cart\u00f5es&#8217; com textos ou imagens para suscitar quest\u00e3o simples para o aluno. A resposta pode ser dada, como no exemplo, em forma de texto. Mas tamb\u00e9m pode ser dada em forma de \u00e1udio. Os acertos e erros podem gerar uma nota para ser entregue &#8230;<\/p>\n","protected":false},"author":3,"featured_media":0,"parent":1156,"menu_order":0,"comment_status":"closed","ping_status":"closed","template":"template-blank-4.php","meta":{"rs_blank_template":"","rs_page_bg_color":"","slide_template_v7":"","_joinchat":[],"footnotes":""},"class_list":["post-1809","page","type-page","status-publish","hentry","no-post-thumbnail"],"yoast_head":"<!-- This site is optimized with the Yoast SEO plugin v27.5 - https:\/\/yoast.com\/product\/yoast-seo-wordpress\/ -->\n<title>Flashcards - GFarias Educa\u00e7\u00e3o<\/title>\n<meta name=\"robots\" content=\"index, follow, max-snippet:-1, max-image-preview:large, max-video-preview:-1\" \/>\n<link rel=\"canonical\" href=\"https:\/\/gfarias.com\/web\/solucoes\/h5p\/flashcards\/\" \/>\n<meta property=\"og:locale\" content=\"pt_BR\" \/>\n<meta property=\"og:type\" content=\"article\" \/>\n<meta property=\"og:title\" content=\"Flashcards - GFarias Educa\u00e7\u00e3o\" \/>\n<meta property=\"og:description\" content=\"H5P Flashcards Flashcards s\u00e3o compostos por &#039;cart\u00f5es&#039; com textos ou imagens para suscitar quest\u00e3o simples para o aluno. A resposta pode ser dada, como no exemplo, em forma de texto. Mas tamb\u00e9m pode ser dada em forma de \u00e1udio. Os acertos e erros podem gerar uma nota para ser entregue ...\" \/>\n<meta property=\"og:url\" content=\"https:\/\/gfarias.com\/web\/solucoes\/h5p\/flashcards\/\" \/>\n<meta property=\"og:site_name\" content=\"GFarias Educa\u00e7\u00e3o\" \/>\n<meta property=\"article:publisher\" content=\"https:\/\/facebook.com\/gfariasonline\" \/>\n<meta property=\"article:modified_time\" content=\"2020-05-06T03:02:18+00:00\" \/>\n<meta property=\"og:image\" content=\"https:\/\/gfarias.com\/web\/wp-content\/uploads\/2025\/11\/gfarias_sqr.png\" \/>\n\t<meta property=\"og:image:width\" content=\"1981\" \/>\n\t<meta property=\"og:image:height\" content=\"1980\" \/>\n\t<meta property=\"og:image:type\" content=\"image\/png\" \/>\n<meta name=\"twitter:card\" content=\"summary_large_image\" \/>\n<meta name=\"twitter:site\" content=\"@gfariasonline\" \/>\n<meta name=\"twitter:label1\" content=\"Est. tempo de leitura\" \/>\n\t<meta name=\"twitter:data1\" content=\"1 minuto\" \/>\n<script type=\"application\/ld+json\" class=\"yoast-schema-graph\">{\"@context\":\"https:\\\/\\\/schema.org\",\"@graph\":[{\"@type\":\"WebPage\",\"@id\":\"https:\\\/\\\/gfarias.com\\\/web\\\/solucoes\\\/h5p\\\/flashcards\\\/\",\"url\":\"https:\\\/\\\/gfarias.com\\\/web\\\/solucoes\\\/h5p\\\/flashcards\\\/\",\"name\":\"Flashcards - GFarias Educa\u00e7\u00e3o\",\"isPartOf\":{\"@id\":\"https:\\\/\\\/gfarias.com\\\/web\\\/#website\"},\"datePublished\":\"2019-09-01T04:04:35+00:00\",\"dateModified\":\"2020-05-06T03:02:18+00:00\",\"breadcrumb\":{\"@id\":\"https:\\\/\\\/gfarias.com\\\/web\\\/solucoes\\\/h5p\\\/flashcards\\\/#breadcrumb\"},\"inLanguage\":\"pt-BR\",\"potentialAction\":[{\"@type\":\"ReadAction\",\"target\":[\"https:\\\/\\\/gfarias.com\\\/web\\\/solucoes\\\/h5p\\\/flashcards\\\/\"]}]},{\"@type\":\"BreadcrumbList\",\"@id\":\"https:\\\/\\\/gfarias.com\\\/web\\\/solucoes\\\/h5p\\\/flashcards\\\/#breadcrumb\",\"itemListElement\":[{\"@type\":\"ListItem\",\"position\":1,\"name\":\"Home\",\"item\":\"https:\\\/\\\/gfarias.com\\\/web\\\/\"},{\"@type\":\"ListItem\",\"position\":2,\"name\":\"SOLU\u00c7\u00d5ES\",\"item\":\"https:\\\/\\\/gfarias.com\\\/web\\\/solucoes\\\/\"},{\"@type\":\"ListItem\",\"position\":3,\"name\":\"H5P\",\"item\":\"https:\\\/\\\/gfarias.com\\\/web\\\/solucoes\\\/h5p\\\/\"},{\"@type\":\"ListItem\",\"position\":4,\"name\":\"Flashcards\"}]},{\"@type\":\"WebSite\",\"@id\":\"https:\\\/\\\/gfarias.com\\\/web\\\/#website\",\"url\":\"https:\\\/\\\/gfarias.com\\\/web\\\/\",\"name\":\"GFarias Educa\u00e7\u00e3o\",\"description\":\"Conhecimento, tecnologia e servi\u00e7os para EAD.\",\"publisher\":{\"@id\":\"https:\\\/\\\/gfarias.com\\\/web\\\/#organization\"},\"alternateName\":\"Gfarias\",\"potentialAction\":[{\"@type\":\"SearchAction\",\"target\":{\"@type\":\"EntryPoint\",\"urlTemplate\":\"https:\\\/\\\/gfarias.com\\\/web\\\/?s={search_term_string}\"},\"query-input\":{\"@type\":\"PropertyValueSpecification\",\"valueRequired\":true,\"valueName\":\"search_term_string\"}}],\"inLanguage\":\"pt-BR\"},{\"@type\":\"Organization\",\"@id\":\"https:\\\/\\\/gfarias.com\\\/web\\\/#organization\",\"name\":\"GFarias Educa\u00e7\u00e3o Ltda - EPP\",\"alternateName\":\"Gfarias\",\"url\":\"https:\\\/\\\/gfarias.com\\\/web\\\/\",\"logo\":{\"@type\":\"ImageObject\",\"inLanguage\":\"pt-BR\",\"@id\":\"https:\\\/\\\/gfarias.com\\\/web\\\/#\\\/schema\\\/logo\\\/image\\\/\",\"url\":\"https:\\\/\\\/gfarias.com\\\/web\\\/wp-content\\\/uploads\\\/2025\\\/11\\\/gfarias_sqr.png\",\"contentUrl\":\"https:\\\/\\\/gfarias.com\\\/web\\\/wp-content\\\/uploads\\\/2025\\\/11\\\/gfarias_sqr.png\",\"width\":1981,\"height\":1980,\"caption\":\"GFarias Educa\u00e7\u00e3o Ltda - EPP\"},\"image\":{\"@id\":\"https:\\\/\\\/gfarias.com\\\/web\\\/#\\\/schema\\\/logo\\\/image\\\/\"},\"sameAs\":[\"https:\\\/\\\/facebook.com\\\/gfariasonline\",\"https:\\\/\\\/x.com\\\/gfariasonline\",\"https:\\\/\\\/instagram.com\\\/gfariasonline\",\"https:\\\/\\\/linkedin.com\\\/company\\\/gfariasonline\",\"https:\\\/\\\/www.youtube.com\\\/channel\\\/UCO_0C8iIua1Be3RxelFNBPQ\"]}]}<\/script>\n<!-- \/ Yoast SEO plugin. -->","yoast_head_json":{"title":"Flashcards - GFarias Educa\u00e7\u00e3o","robots":{"index":"index","follow":"follow","max-snippet":"max-snippet:-1","max-image-preview":"max-image-preview:large","max-video-preview":"max-video-preview:-1"},"canonical":"https:\/\/gfarias.com\/web\/solucoes\/h5p\/flashcards\/","og_locale":"pt_BR","og_type":"article","og_title":"Flashcards - GFarias Educa\u00e7\u00e3o","og_description":"H5P Flashcards Flashcards s\u00e3o compostos por 'cart\u00f5es' com textos ou imagens para suscitar quest\u00e3o simples para o aluno. A resposta pode ser dada, como no exemplo, em forma de texto. Mas tamb\u00e9m pode ser dada em forma de \u00e1udio. Os acertos e erros podem gerar uma nota para ser entregue ...","og_url":"https:\/\/gfarias.com\/web\/solucoes\/h5p\/flashcards\/","og_site_name":"GFarias Educa\u00e7\u00e3o","article_publisher":"https:\/\/facebook.com\/gfariasonline","article_modified_time":"2020-05-06T03:02:18+00:00","og_image":[{"width":1981,"height":1980,"url":"https:\/\/gfarias.com\/web\/wp-content\/uploads\/2025\/11\/gfarias_sqr.png","type":"image\/png"}],"twitter_card":"summary_large_image","twitter_site":"@gfariasonline","twitter_misc":{"Est. tempo de leitura":"1 minuto"},"schema":{"@context":"https:\/\/schema.org","@graph":[{"@type":"WebPage","@id":"https:\/\/gfarias.com\/web\/solucoes\/h5p\/flashcards\/","url":"https:\/\/gfarias.com\/web\/solucoes\/h5p\/flashcards\/","name":"Flashcards - GFarias Educa\u00e7\u00e3o","isPartOf":{"@id":"https:\/\/gfarias.com\/web\/#website"},"datePublished":"2019-09-01T04:04:35+00:00","dateModified":"2020-05-06T03:02:18+00:00","breadcrumb":{"@id":"https:\/\/gfarias.com\/web\/solucoes\/h5p\/flashcards\/#breadcrumb"},"inLanguage":"pt-BR","potentialAction":[{"@type":"ReadAction","target":["https:\/\/gfarias.com\/web\/solucoes\/h5p\/flashcards\/"]}]},{"@type":"BreadcrumbList","@id":"https:\/\/gfarias.com\/web\/solucoes\/h5p\/flashcards\/#breadcrumb","itemListElement":[{"@type":"ListItem","position":1,"name":"Home","item":"https:\/\/gfarias.com\/web\/"},{"@type":"ListItem","position":2,"name":"SOLU\u00c7\u00d5ES","item":"https:\/\/gfarias.com\/web\/solucoes\/"},{"@type":"ListItem","position":3,"name":"H5P","item":"https:\/\/gfarias.com\/web\/solucoes\/h5p\/"},{"@type":"ListItem","position":4,"name":"Flashcards"}]},{"@type":"WebSite","@id":"https:\/\/gfarias.com\/web\/#website","url":"https:\/\/gfarias.com\/web\/","name":"GFarias Educa\u00e7\u00e3o","description":"Conhecimento, tecnologia e servi\u00e7os para EAD.","publisher":{"@id":"https:\/\/gfarias.com\/web\/#organization"},"alternateName":"Gfarias","potentialAction":[{"@type":"SearchAction","target":{"@type":"EntryPoint","urlTemplate":"https:\/\/gfarias.com\/web\/?s={search_term_string}"},"query-input":{"@type":"PropertyValueSpecification","valueRequired":true,"valueName":"search_term_string"}}],"inLanguage":"pt-BR"},{"@type":"Organization","@id":"https:\/\/gfarias.com\/web\/#organization","name":"GFarias Educa\u00e7\u00e3o Ltda - EPP","alternateName":"Gfarias","url":"https:\/\/gfarias.com\/web\/","logo":{"@type":"ImageObject","inLanguage":"pt-BR","@id":"https:\/\/gfarias.com\/web\/#\/schema\/logo\/image\/","url":"https:\/\/gfarias.com\/web\/wp-content\/uploads\/2025\/11\/gfarias_sqr.png","contentUrl":"https:\/\/gfarias.com\/web\/wp-content\/uploads\/2025\/11\/gfarias_sqr.png","width":1981,"height":1980,"caption":"GFarias Educa\u00e7\u00e3o Ltda - EPP"},"image":{"@id":"https:\/\/gfarias.com\/web\/#\/schema\/logo\/image\/"},"sameAs":["https:\/\/facebook.com\/gfariasonline","https:\/\/x.com\/gfariasonline","https:\/\/instagram.com\/gfariasonline","https:\/\/linkedin.com\/company\/gfariasonline","https:\/\/www.youtube.com\/channel\/UCO_0C8iIua1Be3RxelFNBPQ"]}]}},"_links":{"self":[{"href":"https:\/\/gfarias.com\/web\/wp-json\/wp\/v2\/pages\/1809","targetHints":{"allow":["GET"]}}],"collection":[{"href":"https:\/\/gfarias.com\/web\/wp-json\/wp\/v2\/pages"}],"about":[{"href":"https:\/\/gfarias.com\/web\/wp-json\/wp\/v2\/types\/page"}],"author":[{"embeddable":true,"href":"https:\/\/gfarias.com\/web\/wp-json\/wp\/v2\/users\/3"}],"replies":[{"embeddable":true,"href":"https:\/\/gfarias.com\/web\/wp-json\/wp\/v2\/comments?post=1809"}],"version-history":[{"count":6,"href":"https:\/\/gfarias.com\/web\/wp-json\/wp\/v2\/pages\/1809\/revisions"}],"predecessor-version":[{"id":3017,"href":"https:\/\/gfarias.com\/web\/wp-json\/wp\/v2\/pages\/1809\/revisions\/3017"}],"up":[{"embeddable":true,"href":"https:\/\/gfarias.com\/web\/wp-json\/wp\/v2\/pages\/1156"}],"wp:attachment":[{"href":"https:\/\/gfarias.com\/web\/wp-json\/wp\/v2\/media?parent=1809"}],"curies":[{"name":"wp","href":"https:\/\/api.w.org\/{rel}","templated":true}]}}