{"id":1847,"date":"2019-09-01T11:24:19","date_gmt":"2019-09-01T11:24:19","guid":{"rendered":"https:\/\/gfarias.com\/web2\/?page_id=1847"},"modified":"2020-05-18T13:37:22","modified_gmt":"2020-05-18T16:37:22","slug":"camadas","status":"publish","type":"page","link":"https:\/\/gfarias.com\/web\/solucoes\/h5p\/camadas\/","title":{"rendered":"Camadas de imagens"},"content":{"rendered":"<div id=\"cs-content\" class=\"cs-content\"><\/div>\n","protected":false},"excerpt":{"rendered":"<p>H5P Camadas de imagens Camadas de imagens \u00e9 um recurso que pode ser usado inteligentemente para potencializar aprendizagem. Abaixo vemos dois exemplos disso. No primeiro, um mapa da europa \u00e9 apresentado em 3 diferentes camadas sobrepostas. Na medida em que o aluno arrasta o controle da base da imagem da &#8230;<\/p>\n","protected":false},"author":3,"featured_media":536,"parent":1156,"menu_order":0,"comment_status":"closed","ping_status":"closed","template":"template-blank-4.php","meta":{"rs_blank_template":"","rs_page_bg_color":"#ffffff","slide_template_v7":"","_joinchat":[],"footnotes":""},"class_list":["post-1847","page","type-page","status-publish","has-post-thumbnail","hentry"],"yoast_head":"<!-- This site is optimized with the Yoast SEO plugin v27.5 - https:\/\/yoast.com\/product\/yoast-seo-wordpress\/ -->\n<title>Camadas de imagens - GFarias Educa\u00e7\u00e3o<\/title>\n<meta name=\"robots\" content=\"index, follow, max-snippet:-1, max-image-preview:large, max-video-preview:-1\" \/>\n<link rel=\"canonical\" href=\"https:\/\/gfarias.com\/web\/solucoes\/h5p\/camadas\/\" \/>\n<meta property=\"og:locale\" content=\"pt_BR\" \/>\n<meta property=\"og:type\" content=\"article\" \/>\n<meta property=\"og:title\" content=\"Camadas de imagens - GFarias Educa\u00e7\u00e3o\" \/>\n<meta property=\"og:description\" content=\"H5P Camadas de imagens Camadas de imagens \u00e9 um recurso que pode ser usado inteligentemente para potencializar aprendizagem. Abaixo vemos dois exemplos disso. No primeiro, um mapa da europa \u00e9 apresentado em 3 diferentes camadas sobrepostas. Na medida em que o aluno arrasta o controle da base da imagem da ...\" \/>\n<meta property=\"og:url\" content=\"https:\/\/gfarias.com\/web\/solucoes\/h5p\/camadas\/\" \/>\n<meta property=\"og:site_name\" content=\"GFarias Educa\u00e7\u00e3o\" \/>\n<meta property=\"article:publisher\" content=\"https:\/\/facebook.com\/gfariasonline\" \/>\n<meta property=\"article:modified_time\" content=\"2020-05-18T16:37:22+00:00\" \/>\n<meta property=\"og:image\" content=\"https:\/\/gfarias.com\/web\/wp-content\/uploads\/2019\/07\/gfarias_logo.png\" \/>\n\t<meta property=\"og:image:width\" content=\"500\" \/>\n\t<meta property=\"og:image:height\" content=\"140\" \/>\n\t<meta property=\"og:image:type\" content=\"image\/png\" \/>\n<meta name=\"twitter:card\" content=\"summary_large_image\" \/>\n<meta name=\"twitter:site\" content=\"@gfariasonline\" \/>\n<meta name=\"twitter:label1\" content=\"Est. tempo de leitura\" \/>\n\t<meta name=\"twitter:data1\" content=\"2 minutos\" \/>\n<script type=\"application\/ld+json\" class=\"yoast-schema-graph\">{\"@context\":\"https:\\\/\\\/schema.org\",\"@graph\":[{\"@type\":\"WebPage\",\"@id\":\"https:\\\/\\\/gfarias.com\\\/web\\\/solucoes\\\/h5p\\\/camadas\\\/\",\"url\":\"https:\\\/\\\/gfarias.com\\\/web\\\/solucoes\\\/h5p\\\/camadas\\\/\",\"name\":\"Camadas de imagens - GFarias Educa\u00e7\u00e3o\",\"isPartOf\":{\"@id\":\"https:\\\/\\\/gfarias.com\\\/web\\\/#website\"},\"primaryImageOfPage\":{\"@id\":\"https:\\\/\\\/gfarias.com\\\/web\\\/solucoes\\\/h5p\\\/camadas\\\/#primaryimage\"},\"image\":{\"@id\":\"https:\\\/\\\/gfarias.com\\\/web\\\/solucoes\\\/h5p\\\/camadas\\\/#primaryimage\"},\"thumbnailUrl\":\"https:\\\/\\\/gfarias.com\\\/web\\\/wp-content\\\/uploads\\\/2019\\\/07\\\/gfarias_logo.png\",\"datePublished\":\"2019-09-01T11:24:19+00:00\",\"dateModified\":\"2020-05-18T16:37:22+00:00\",\"breadcrumb\":{\"@id\":\"https:\\\/\\\/gfarias.com\\\/web\\\/solucoes\\\/h5p\\\/camadas\\\/#breadcrumb\"},\"inLanguage\":\"pt-BR\",\"potentialAction\":[{\"@type\":\"ReadAction\",\"target\":[\"https:\\\/\\\/gfarias.com\\\/web\\\/solucoes\\\/h5p\\\/camadas\\\/\"]}]},{\"@type\":\"ImageObject\",\"inLanguage\":\"pt-BR\",\"@id\":\"https:\\\/\\\/gfarias.com\\\/web\\\/solucoes\\\/h5p\\\/camadas\\\/#primaryimage\",\"url\":\"https:\\\/\\\/gfarias.com\\\/web\\\/wp-content\\\/uploads\\\/2019\\\/07\\\/gfarias_logo.png\",\"contentUrl\":\"https:\\\/\\\/gfarias.com\\\/web\\\/wp-content\\\/uploads\\\/2019\\\/07\\\/gfarias_logo.png\",\"width\":500,\"height\":140},{\"@type\":\"BreadcrumbList\",\"@id\":\"https:\\\/\\\/gfarias.com\\\/web\\\/solucoes\\\/h5p\\\/camadas\\\/#breadcrumb\",\"itemListElement\":[{\"@type\":\"ListItem\",\"position\":1,\"name\":\"Home\",\"item\":\"https:\\\/\\\/gfarias.com\\\/web\\\/\"},{\"@type\":\"ListItem\",\"position\":2,\"name\":\"SOLU\u00c7\u00d5ES\",\"item\":\"https:\\\/\\\/gfarias.com\\\/web\\\/solucoes\\\/\"},{\"@type\":\"ListItem\",\"position\":3,\"name\":\"H5P\",\"item\":\"https:\\\/\\\/gfarias.com\\\/web\\\/solucoes\\\/h5p\\\/\"},{\"@type\":\"ListItem\",\"position\":4,\"name\":\"Camadas de imagens\"}]},{\"@type\":\"WebSite\",\"@id\":\"https:\\\/\\\/gfarias.com\\\/web\\\/#website\",\"url\":\"https:\\\/\\\/gfarias.com\\\/web\\\/\",\"name\":\"GFarias Educa\u00e7\u00e3o\",\"description\":\"Conhecimento, tecnologia e servi\u00e7os para EAD.\",\"publisher\":{\"@id\":\"https:\\\/\\\/gfarias.com\\\/web\\\/#organization\"},\"alternateName\":\"Gfarias\",\"potentialAction\":[{\"@type\":\"SearchAction\",\"target\":{\"@type\":\"EntryPoint\",\"urlTemplate\":\"https:\\\/\\\/gfarias.com\\\/web\\\/?s={search_term_string}\"},\"query-input\":{\"@type\":\"PropertyValueSpecification\",\"valueRequired\":true,\"valueName\":\"search_term_string\"}}],\"inLanguage\":\"pt-BR\"},{\"@type\":\"Organization\",\"@id\":\"https:\\\/\\\/gfarias.com\\\/web\\\/#organization\",\"name\":\"GFarias Educa\u00e7\u00e3o Ltda - EPP\",\"alternateName\":\"Gfarias\",\"url\":\"https:\\\/\\\/gfarias.com\\\/web\\\/\",\"logo\":{\"@type\":\"ImageObject\",\"inLanguage\":\"pt-BR\",\"@id\":\"https:\\\/\\\/gfarias.com\\\/web\\\/#\\\/schema\\\/logo\\\/image\\\/\",\"url\":\"https:\\\/\\\/gfarias.com\\\/web\\\/wp-content\\\/uploads\\\/2025\\\/11\\\/gfarias_sqr.png\",\"contentUrl\":\"https:\\\/\\\/gfarias.com\\\/web\\\/wp-content\\\/uploads\\\/2025\\\/11\\\/gfarias_sqr.png\",\"width\":1981,\"height\":1980,\"caption\":\"GFarias Educa\u00e7\u00e3o Ltda - EPP\"},\"image\":{\"@id\":\"https:\\\/\\\/gfarias.com\\\/web\\\/#\\\/schema\\\/logo\\\/image\\\/\"},\"sameAs\":[\"https:\\\/\\\/facebook.com\\\/gfariasonline\",\"https:\\\/\\\/x.com\\\/gfariasonline\",\"https:\\\/\\\/instagram.com\\\/gfariasonline\",\"https:\\\/\\\/linkedin.com\\\/company\\\/gfariasonline\",\"https:\\\/\\\/www.youtube.com\\\/channel\\\/UCO_0C8iIua1Be3RxelFNBPQ\"]}]}<\/script>\n<!-- \/ Yoast SEO plugin. -->","yoast_head_json":{"title":"Camadas de imagens - GFarias Educa\u00e7\u00e3o","robots":{"index":"index","follow":"follow","max-snippet":"max-snippet:-1","max-image-preview":"max-image-preview:large","max-video-preview":"max-video-preview:-1"},"canonical":"https:\/\/gfarias.com\/web\/solucoes\/h5p\/camadas\/","og_locale":"pt_BR","og_type":"article","og_title":"Camadas de imagens - GFarias Educa\u00e7\u00e3o","og_description":"H5P Camadas de imagens Camadas de imagens \u00e9 um recurso que pode ser usado inteligentemente para potencializar aprendizagem. Abaixo vemos dois exemplos disso. No primeiro, um mapa da europa \u00e9 apresentado em 3 diferentes camadas sobrepostas. Na medida em que o aluno arrasta o controle da base da imagem da ...","og_url":"https:\/\/gfarias.com\/web\/solucoes\/h5p\/camadas\/","og_site_name":"GFarias Educa\u00e7\u00e3o","article_publisher":"https:\/\/facebook.com\/gfariasonline","article_modified_time":"2020-05-18T16:37:22+00:00","og_image":[{"width":500,"height":140,"url":"https:\/\/gfarias.com\/web\/wp-content\/uploads\/2019\/07\/gfarias_logo.png","type":"image\/png"}],"twitter_card":"summary_large_image","twitter_site":"@gfariasonline","twitter_misc":{"Est. tempo de leitura":"2 minutos"},"schema":{"@context":"https:\/\/schema.org","@graph":[{"@type":"WebPage","@id":"https:\/\/gfarias.com\/web\/solucoes\/h5p\/camadas\/","url":"https:\/\/gfarias.com\/web\/solucoes\/h5p\/camadas\/","name":"Camadas de imagens - GFarias Educa\u00e7\u00e3o","isPartOf":{"@id":"https:\/\/gfarias.com\/web\/#website"},"primaryImageOfPage":{"@id":"https:\/\/gfarias.com\/web\/solucoes\/h5p\/camadas\/#primaryimage"},"image":{"@id":"https:\/\/gfarias.com\/web\/solucoes\/h5p\/camadas\/#primaryimage"},"thumbnailUrl":"https:\/\/gfarias.com\/web\/wp-content\/uploads\/2019\/07\/gfarias_logo.png","datePublished":"2019-09-01T11:24:19+00:00","dateModified":"2020-05-18T16:37:22+00:00","breadcrumb":{"@id":"https:\/\/gfarias.com\/web\/solucoes\/h5p\/camadas\/#breadcrumb"},"inLanguage":"pt-BR","potentialAction":[{"@type":"ReadAction","target":["https:\/\/gfarias.com\/web\/solucoes\/h5p\/camadas\/"]}]},{"@type":"ImageObject","inLanguage":"pt-BR","@id":"https:\/\/gfarias.com\/web\/solucoes\/h5p\/camadas\/#primaryimage","url":"https:\/\/gfarias.com\/web\/wp-content\/uploads\/2019\/07\/gfarias_logo.png","contentUrl":"https:\/\/gfarias.com\/web\/wp-content\/uploads\/2019\/07\/gfarias_logo.png","width":500,"height":140},{"@type":"BreadcrumbList","@id":"https:\/\/gfarias.com\/web\/solucoes\/h5p\/camadas\/#breadcrumb","itemListElement":[{"@type":"ListItem","position":1,"name":"Home","item":"https:\/\/gfarias.com\/web\/"},{"@type":"ListItem","position":2,"name":"SOLU\u00c7\u00d5ES","item":"https:\/\/gfarias.com\/web\/solucoes\/"},{"@type":"ListItem","position":3,"name":"H5P","item":"https:\/\/gfarias.com\/web\/solucoes\/h5p\/"},{"@type":"ListItem","position":4,"name":"Camadas de imagens"}]},{"@type":"WebSite","@id":"https:\/\/gfarias.com\/web\/#website","url":"https:\/\/gfarias.com\/web\/","name":"GFarias Educa\u00e7\u00e3o","description":"Conhecimento, tecnologia e servi\u00e7os para EAD.","publisher":{"@id":"https:\/\/gfarias.com\/web\/#organization"},"alternateName":"Gfarias","potentialAction":[{"@type":"SearchAction","target":{"@type":"EntryPoint","urlTemplate":"https:\/\/gfarias.com\/web\/?s={search_term_string}"},"query-input":{"@type":"PropertyValueSpecification","valueRequired":true,"valueName":"search_term_string"}}],"inLanguage":"pt-BR"},{"@type":"Organization","@id":"https:\/\/gfarias.com\/web\/#organization","name":"GFarias Educa\u00e7\u00e3o Ltda - EPP","alternateName":"Gfarias","url":"https:\/\/gfarias.com\/web\/","logo":{"@type":"ImageObject","inLanguage":"pt-BR","@id":"https:\/\/gfarias.com\/web\/#\/schema\/logo\/image\/","url":"https:\/\/gfarias.com\/web\/wp-content\/uploads\/2025\/11\/gfarias_sqr.png","contentUrl":"https:\/\/gfarias.com\/web\/wp-content\/uploads\/2025\/11\/gfarias_sqr.png","width":1981,"height":1980,"caption":"GFarias Educa\u00e7\u00e3o Ltda - EPP"},"image":{"@id":"https:\/\/gfarias.com\/web\/#\/schema\/logo\/image\/"},"sameAs":["https:\/\/facebook.com\/gfariasonline","https:\/\/x.com\/gfariasonline","https:\/\/instagram.com\/gfariasonline","https:\/\/linkedin.com\/company\/gfariasonline","https:\/\/www.youtube.com\/channel\/UCO_0C8iIua1Be3RxelFNBPQ"]}]}},"_links":{"self":[{"href":"https:\/\/gfarias.com\/web\/wp-json\/wp\/v2\/pages\/1847","targetHints":{"allow":["GET"]}}],"collection":[{"href":"https:\/\/gfarias.com\/web\/wp-json\/wp\/v2\/pages"}],"about":[{"href":"https:\/\/gfarias.com\/web\/wp-json\/wp\/v2\/types\/page"}],"author":[{"embeddable":true,"href":"https:\/\/gfarias.com\/web\/wp-json\/wp\/v2\/users\/3"}],"replies":[{"embeddable":true,"href":"https:\/\/gfarias.com\/web\/wp-json\/wp\/v2\/comments?post=1847"}],"version-history":[{"count":11,"href":"https:\/\/gfarias.com\/web\/wp-json\/wp\/v2\/pages\/1847\/revisions"}],"predecessor-version":[{"id":3303,"href":"https:\/\/gfarias.com\/web\/wp-json\/wp\/v2\/pages\/1847\/revisions\/3303"}],"up":[{"embeddable":true,"href":"https:\/\/gfarias.com\/web\/wp-json\/wp\/v2\/pages\/1156"}],"wp:featuredmedia":[{"embeddable":true,"href":"https:\/\/gfarias.com\/web\/wp-json\/wp\/v2\/media\/536"}],"wp:attachment":[{"href":"https:\/\/gfarias.com\/web\/wp-json\/wp\/v2\/media?parent=1847"}],"curies":[{"name":"wp","href":"https:\/\/api.w.org\/{rel}","templated":true}]}}