{"id":5927,"date":"2023-02-09T08:29:34","date_gmt":"2023-02-09T11:29:34","guid":{"rendered":"https:\/\/gfarias.com\/web\/cursos\/ojs-2-2\/"},"modified":"2023-02-23T08:42:21","modified_gmt":"2023-02-23T11:42:21","slug":"index-cientif","status":"publish","type":"page","link":"https:\/\/gfarias.com\/web\/cursos\/index-cientif\/","title":{"rendered":"Indexa\u00e7\u00e3o em peri\u00f3dicos cient\u00edficos"},"content":{"rendered":"<div id=\"cs-content\" class=\"cs-content\"><\/div>\n","protected":false},"excerpt":{"rendered":"<p>Capacita&ccedil;&atilde;o Indexa&ccedil;&atilde;o Indexa&ccedil;&atilde;o em peri&oacute;dicos cient&iacute;ficos Discutir quais procedimentos editoriais dever&atilde;o ser adotados pelo peri&oacute;dico cient&iacute;fico, independentemente da &aacute;rea do conhecimento, para que atenda aos crit&eacute;rios exigidos para indexa&ccedil;&atilde;o em bases de dados, diret&oacute;rios e portais tem&aacute;ticos, nacionais e internacionais.Programa do curso 1 Contexto introdut&oacute;rio e hist&oacute;rico2 Defini&ccedil;&otilde;es3 Tipologias de &#8230;<\/p>\n","protected":false},"author":1,"featured_media":0,"parent":1099,"menu_order":0,"comment_status":"closed","ping_status":"closed","template":"template-blank-4.php","meta":{"rs_blank_template":"","rs_page_bg_color":"","slide_template_v7":"","_joinchat":[],"footnotes":""},"class_list":["post-5927","page","type-page","status-publish","hentry","no-post-thumbnail"],"yoast_head":"<!-- This site is optimized with the Yoast SEO plugin v27.4 - https:\/\/yoast.com\/product\/yoast-seo-wordpress\/ -->\n<title>Indexa\u00e7\u00e3o em peri\u00f3dicos cient\u00edficos - GFarias Educa\u00e7\u00e3o<\/title>\n<meta name=\"robots\" content=\"index, follow, max-snippet:-1, max-image-preview:large, max-video-preview:-1\" \/>\n<link rel=\"canonical\" href=\"https:\/\/gfarias.com\/web\/cursos\/index-cientif\/\" \/>\n<meta property=\"og:locale\" content=\"pt_BR\" \/>\n<meta property=\"og:type\" content=\"article\" \/>\n<meta property=\"og:title\" content=\"Indexa\u00e7\u00e3o em peri\u00f3dicos cient\u00edficos - GFarias Educa\u00e7\u00e3o\" \/>\n<meta property=\"og:description\" content=\"Capacita&ccedil;&atilde;o Indexa&ccedil;&atilde;o Indexa&ccedil;&atilde;o em peri&oacute;dicos cient&iacute;ficos Discutir quais procedimentos editoriais dever&atilde;o ser adotados pelo peri&oacute;dico cient&iacute;fico, independentemente da &aacute;rea do conhecimento, para que atenda aos crit&eacute;rios exigidos para indexa&ccedil;&atilde;o em bases de dados, diret&oacute;rios e portais tem&aacute;ticos, nacionais e internacionais.Programa do curso 1 Contexto introdut&oacute;rio e hist&oacute;rico2 Defini&ccedil;&otilde;es3 Tipologias de ...\" \/>\n<meta property=\"og:url\" content=\"https:\/\/gfarias.com\/web\/cursos\/index-cientif\/\" \/>\n<meta property=\"og:site_name\" content=\"GFarias Educa\u00e7\u00e3o\" \/>\n<meta property=\"article:publisher\" content=\"https:\/\/facebook.com\/gfariasonline\" \/>\n<meta property=\"article:modified_time\" content=\"2023-02-23T11:42:21+00:00\" \/>\n<meta property=\"og:image\" content=\"https:\/\/gfarias.com\/web\/wp-content\/uploads\/2023\/02\/Gildenir-Carolino-95x98-1.png\" \/>\n<meta name=\"twitter:card\" content=\"summary_large_image\" \/>\n<meta name=\"twitter:site\" content=\"@gfariasonline\" \/>\n<meta name=\"twitter:label1\" content=\"Est. tempo de leitura\" \/>\n\t<meta name=\"twitter:data1\" content=\"6 minutos\" \/>\n<script type=\"application\/ld+json\" class=\"yoast-schema-graph\">{\"@context\":\"https:\\\/\\\/schema.org\",\"@graph\":[{\"@type\":\"WebPage\",\"@id\":\"https:\\\/\\\/gfarias.com\\\/web\\\/cursos\\\/index-cientif\\\/\",\"url\":\"https:\\\/\\\/gfarias.com\\\/web\\\/cursos\\\/index-cientif\\\/\",\"name\":\"Indexa\u00e7\u00e3o em peri\u00f3dicos cient\u00edficos - GFarias Educa\u00e7\u00e3o\",\"isPartOf\":{\"@id\":\"https:\\\/\\\/gfarias.com\\\/web\\\/#website\"},\"primaryImageOfPage\":{\"@id\":\"https:\\\/\\\/gfarias.com\\\/web\\\/cursos\\\/index-cientif\\\/#primaryimage\"},\"image\":{\"@id\":\"https:\\\/\\\/gfarias.com\\\/web\\\/cursos\\\/index-cientif\\\/#primaryimage\"},\"thumbnailUrl\":\"https:\\\/\\\/gfarias.com\\\/web\\\/wp-content\\\/uploads\\\/2023\\\/02\\\/Gildenir-Carolino-95x98-1.png\",\"datePublished\":\"2023-02-09T11:29:34+00:00\",\"dateModified\":\"2023-02-23T11:42:21+00:00\",\"breadcrumb\":{\"@id\":\"https:\\\/\\\/gfarias.com\\\/web\\\/cursos\\\/index-cientif\\\/#breadcrumb\"},\"inLanguage\":\"pt-BR\",\"potentialAction\":[{\"@type\":\"ReadAction\",\"target\":[\"https:\\\/\\\/gfarias.com\\\/web\\\/cursos\\\/index-cientif\\\/\"]}]},{\"@type\":\"ImageObject\",\"inLanguage\":\"pt-BR\",\"@id\":\"https:\\\/\\\/gfarias.com\\\/web\\\/cursos\\\/index-cientif\\\/#primaryimage\",\"url\":\"https:\\\/\\\/gfarias.com\\\/web\\\/wp-content\\\/uploads\\\/2023\\\/02\\\/Gildenir-Carolino-95x98-1.png\",\"contentUrl\":\"https:\\\/\\\/gfarias.com\\\/web\\\/wp-content\\\/uploads\\\/2023\\\/02\\\/Gildenir-Carolino-95x98-1.png\",\"width\":95,\"height\":98},{\"@type\":\"BreadcrumbList\",\"@id\":\"https:\\\/\\\/gfarias.com\\\/web\\\/cursos\\\/index-cientif\\\/#breadcrumb\",\"itemListElement\":[{\"@type\":\"ListItem\",\"position\":1,\"name\":\"Home\",\"item\":\"https:\\\/\\\/gfarias.com\\\/web\\\/\"},{\"@type\":\"ListItem\",\"position\":2,\"name\":\"CURSOS\",\"item\":\"https:\\\/\\\/gfarias.com\\\/web\\\/?page_id=1099\"},{\"@type\":\"ListItem\",\"position\":3,\"name\":\"Indexa\u00e7\u00e3o em peri\u00f3dicos cient\u00edficos\"}]},{\"@type\":\"WebSite\",\"@id\":\"https:\\\/\\\/gfarias.com\\\/web\\\/#website\",\"url\":\"https:\\\/\\\/gfarias.com\\\/web\\\/\",\"name\":\"GFarias Educa\u00e7\u00e3o\",\"description\":\"Conhecimento, tecnologia e servi\u00e7os para EAD.\",\"publisher\":{\"@id\":\"https:\\\/\\\/gfarias.com\\\/web\\\/#organization\"},\"alternateName\":\"Gfarias\",\"potentialAction\":[{\"@type\":\"SearchAction\",\"target\":{\"@type\":\"EntryPoint\",\"urlTemplate\":\"https:\\\/\\\/gfarias.com\\\/web\\\/?s={search_term_string}\"},\"query-input\":{\"@type\":\"PropertyValueSpecification\",\"valueRequired\":true,\"valueName\":\"search_term_string\"}}],\"inLanguage\":\"pt-BR\"},{\"@type\":\"Organization\",\"@id\":\"https:\\\/\\\/gfarias.com\\\/web\\\/#organization\",\"name\":\"GFarias Educa\u00e7\u00e3o Ltda - EPP\",\"alternateName\":\"Gfarias\",\"url\":\"https:\\\/\\\/gfarias.com\\\/web\\\/\",\"logo\":{\"@type\":\"ImageObject\",\"inLanguage\":\"pt-BR\",\"@id\":\"https:\\\/\\\/gfarias.com\\\/web\\\/#\\\/schema\\\/logo\\\/image\\\/\",\"url\":\"https:\\\/\\\/gfarias.com\\\/web\\\/wp-content\\\/uploads\\\/2025\\\/11\\\/gfarias_sqr.png\",\"contentUrl\":\"https:\\\/\\\/gfarias.com\\\/web\\\/wp-content\\\/uploads\\\/2025\\\/11\\\/gfarias_sqr.png\",\"width\":1981,\"height\":1980,\"caption\":\"GFarias Educa\u00e7\u00e3o Ltda - EPP\"},\"image\":{\"@id\":\"https:\\\/\\\/gfarias.com\\\/web\\\/#\\\/schema\\\/logo\\\/image\\\/\"},\"sameAs\":[\"https:\\\/\\\/facebook.com\\\/gfariasonline\",\"https:\\\/\\\/x.com\\\/gfariasonline\",\"https:\\\/\\\/instagram.com\\\/gfariasonline\",\"https:\\\/\\\/linkedin.com\\\/company\\\/gfariasonline\",\"https:\\\/\\\/www.youtube.com\\\/channel\\\/UCO_0C8iIua1Be3RxelFNBPQ\"]}]}<\/script>\n<!-- \/ Yoast SEO plugin. -->","yoast_head_json":{"title":"Indexa\u00e7\u00e3o em peri\u00f3dicos cient\u00edficos - GFarias Educa\u00e7\u00e3o","robots":{"index":"index","follow":"follow","max-snippet":"max-snippet:-1","max-image-preview":"max-image-preview:large","max-video-preview":"max-video-preview:-1"},"canonical":"https:\/\/gfarias.com\/web\/cursos\/index-cientif\/","og_locale":"pt_BR","og_type":"article","og_title":"Indexa\u00e7\u00e3o em peri\u00f3dicos cient\u00edficos - GFarias Educa\u00e7\u00e3o","og_description":"Capacita&ccedil;&atilde;o Indexa&ccedil;&atilde;o Indexa&ccedil;&atilde;o em peri&oacute;dicos cient&iacute;ficos Discutir quais procedimentos editoriais dever&atilde;o ser adotados pelo peri&oacute;dico cient&iacute;fico, independentemente da &aacute;rea do conhecimento, para que atenda aos crit&eacute;rios exigidos para indexa&ccedil;&atilde;o em bases de dados, diret&oacute;rios e portais tem&aacute;ticos, nacionais e internacionais.Programa do curso 1 Contexto introdut&oacute;rio e hist&oacute;rico2 Defini&ccedil;&otilde;es3 Tipologias de ...","og_url":"https:\/\/gfarias.com\/web\/cursos\/index-cientif\/","og_site_name":"GFarias Educa\u00e7\u00e3o","article_publisher":"https:\/\/facebook.com\/gfariasonline","article_modified_time":"2023-02-23T11:42:21+00:00","og_image":[{"url":"https:\/\/gfarias.com\/web\/wp-content\/uploads\/2023\/02\/Gildenir-Carolino-95x98-1.png","type":"","width":"","height":""}],"twitter_card":"summary_large_image","twitter_site":"@gfariasonline","twitter_misc":{"Est. tempo de leitura":"6 minutos"},"schema":{"@context":"https:\/\/schema.org","@graph":[{"@type":"WebPage","@id":"https:\/\/gfarias.com\/web\/cursos\/index-cientif\/","url":"https:\/\/gfarias.com\/web\/cursos\/index-cientif\/","name":"Indexa\u00e7\u00e3o em peri\u00f3dicos cient\u00edficos - GFarias Educa\u00e7\u00e3o","isPartOf":{"@id":"https:\/\/gfarias.com\/web\/#website"},"primaryImageOfPage":{"@id":"https:\/\/gfarias.com\/web\/cursos\/index-cientif\/#primaryimage"},"image":{"@id":"https:\/\/gfarias.com\/web\/cursos\/index-cientif\/#primaryimage"},"thumbnailUrl":"https:\/\/gfarias.com\/web\/wp-content\/uploads\/2023\/02\/Gildenir-Carolino-95x98-1.png","datePublished":"2023-02-09T11:29:34+00:00","dateModified":"2023-02-23T11:42:21+00:00","breadcrumb":{"@id":"https:\/\/gfarias.com\/web\/cursos\/index-cientif\/#breadcrumb"},"inLanguage":"pt-BR","potentialAction":[{"@type":"ReadAction","target":["https:\/\/gfarias.com\/web\/cursos\/index-cientif\/"]}]},{"@type":"ImageObject","inLanguage":"pt-BR","@id":"https:\/\/gfarias.com\/web\/cursos\/index-cientif\/#primaryimage","url":"https:\/\/gfarias.com\/web\/wp-content\/uploads\/2023\/02\/Gildenir-Carolino-95x98-1.png","contentUrl":"https:\/\/gfarias.com\/web\/wp-content\/uploads\/2023\/02\/Gildenir-Carolino-95x98-1.png","width":95,"height":98},{"@type":"BreadcrumbList","@id":"https:\/\/gfarias.com\/web\/cursos\/index-cientif\/#breadcrumb","itemListElement":[{"@type":"ListItem","position":1,"name":"Home","item":"https:\/\/gfarias.com\/web\/"},{"@type":"ListItem","position":2,"name":"CURSOS","item":"https:\/\/gfarias.com\/web\/?page_id=1099"},{"@type":"ListItem","position":3,"name":"Indexa\u00e7\u00e3o em peri\u00f3dicos cient\u00edficos"}]},{"@type":"WebSite","@id":"https:\/\/gfarias.com\/web\/#website","url":"https:\/\/gfarias.com\/web\/","name":"GFarias Educa\u00e7\u00e3o","description":"Conhecimento, tecnologia e servi\u00e7os para EAD.","publisher":{"@id":"https:\/\/gfarias.com\/web\/#organization"},"alternateName":"Gfarias","potentialAction":[{"@type":"SearchAction","target":{"@type":"EntryPoint","urlTemplate":"https:\/\/gfarias.com\/web\/?s={search_term_string}"},"query-input":{"@type":"PropertyValueSpecification","valueRequired":true,"valueName":"search_term_string"}}],"inLanguage":"pt-BR"},{"@type":"Organization","@id":"https:\/\/gfarias.com\/web\/#organization","name":"GFarias Educa\u00e7\u00e3o Ltda - EPP","alternateName":"Gfarias","url":"https:\/\/gfarias.com\/web\/","logo":{"@type":"ImageObject","inLanguage":"pt-BR","@id":"https:\/\/gfarias.com\/web\/#\/schema\/logo\/image\/","url":"https:\/\/gfarias.com\/web\/wp-content\/uploads\/2025\/11\/gfarias_sqr.png","contentUrl":"https:\/\/gfarias.com\/web\/wp-content\/uploads\/2025\/11\/gfarias_sqr.png","width":1981,"height":1980,"caption":"GFarias Educa\u00e7\u00e3o Ltda - EPP"},"image":{"@id":"https:\/\/gfarias.com\/web\/#\/schema\/logo\/image\/"},"sameAs":["https:\/\/facebook.com\/gfariasonline","https:\/\/x.com\/gfariasonline","https:\/\/instagram.com\/gfariasonline","https:\/\/linkedin.com\/company\/gfariasonline","https:\/\/www.youtube.com\/channel\/UCO_0C8iIua1Be3RxelFNBPQ"]}]}},"_links":{"self":[{"href":"https:\/\/gfarias.com\/web\/wp-json\/wp\/v2\/pages\/5927","targetHints":{"allow":["GET"]}}],"collection":[{"href":"https:\/\/gfarias.com\/web\/wp-json\/wp\/v2\/pages"}],"about":[{"href":"https:\/\/gfarias.com\/web\/wp-json\/wp\/v2\/types\/page"}],"author":[{"embeddable":true,"href":"https:\/\/gfarias.com\/web\/wp-json\/wp\/v2\/users\/1"}],"replies":[{"embeddable":true,"href":"https:\/\/gfarias.com\/web\/wp-json\/wp\/v2\/comments?post=5927"}],"version-history":[{"count":8,"href":"https:\/\/gfarias.com\/web\/wp-json\/wp\/v2\/pages\/5927\/revisions"}],"predecessor-version":[{"id":5969,"href":"https:\/\/gfarias.com\/web\/wp-json\/wp\/v2\/pages\/5927\/revisions\/5969"}],"up":[{"embeddable":true,"href":"https:\/\/gfarias.com\/web\/wp-json\/wp\/v2\/pages\/1099"}],"wp:attachment":[{"href":"https:\/\/gfarias.com\/web\/wp-json\/wp\/v2\/media?parent=5927"}],"curies":[{"name":"wp","href":"https:\/\/api.w.org\/{rel}","templated":true}]}}