{"id":6352,"date":"2024-10-16T10:59:57","date_gmt":"2024-10-16T13:59:57","guid":{"rendered":"https:\/\/gfarias.com\/web\/?page_id=6352"},"modified":"2025-01-24T09:07:59","modified_gmt":"2025-01-24T12:07:59","slug":"seguranca","status":"publish","type":"page","link":"https:\/\/gfarias.com\/web\/sobre\/seguranca\/","title":{"rendered":"Pol\u00edtica de Seguran\u00e7a"},"content":{"rendered":"<div id=\"cs-content\" class=\"cs-content\"><div class=\"x-section e6352-e1 m4wg-0 m4wg-1 m4wg-2\"><div class=\"x-bg\" aria-hidden=\"true\"><div class=\"x-bg-layer-lower-image\"><\/div><\/div><div class=\"x-container max width e6352-e2 m4wg-5 m4wg-6\"><div class=\"x-column x-sm x-1-1 e6352-e3 m4wg-8 m4wg-9\"><div class=\"x-text x-text-headline e6352-e4 m4wg-a m4wg-b\"><div class=\"x-text-content\"><div class=\"x-text-content-text\"><h1 class=\"x-text-content-text-primary\">Pol&iacute;tica de seguran&ccedil;a<\/h1>\n<\/div><\/div><\/div><\/div><\/div><span class=\"x-separator-bottom-curve-in\" style=\"bottom: 17px; height: 40px; color: rgb(0, 102, 216);\" aria-hidden=\"true\"><svg class=\"curve-bottom-in\" style=\"fill: currentColor;\" xmlns=\"http:\/\/www.w3.org\/2000\/svg\" version=\"1.1\" viewBox=\"0 0 100 50\" preserveAspectRatio=\"none\"><path d=\"M0,50V0h50C22.4,0,0,50,0,50z\"\/><path d=\"M50,0h50v50C100,50,77.6,0,50,0z\"\/><\/svg><\/span><\/div><div class=\"x-section e6352-e5 m4wg-0 m4wg-1 m4wg-3\"><div class=\"x-container max width e6352-e6 m4wg-6 m4wg-7\"><div class=\"x-column x-sm x-1-1 e6352-e7 m4wg-8\" data-fade=\"1\" data-x-element=\"column\" data-x-params=\"{&quot;fade&quot;:true}\" style=\"opacity: 0;transition-duration: 0.5s;\"><div class=\"x-text x-text-headline e6352-e8 m4wg-b m4wg-c\"><div class=\"x-text-content\"><div class=\"x-text-content-text\"><h1 class=\"x-text-content-text-primary\"><span style=\"font-weight: 400;\">Nossa pol&iacute;tica de seguran&ccedil;a da informa&ccedil;&atilde;o se adequa &agrave; realidade de nossos clientes, aos custos associados ao nosso trabalho, e &agrave; necessidade no trato seguro de sistemas de informa&ccedil;&atilde;o, de acordo com nosso modo de opera&ccedil;&atilde;o.&nbsp; Para tanto, tornamos p&uacute;blica parte desta pol&iacute;tica de seguran&ccedil;a de forma a explicitar nosso profissionalismo sem comprometer nossos processos de seguran&ccedil;a.<br \/><br \/><\/span><b>Sobre pol&iacute;ticas de seguran&ccedil;a para prepostos<\/b>\n<ul>\n<li style=\"font-weight: 400;\" aria-level=\"1\"><span style=\"font-weight: 400;\">Todos os nossos prepostos, inclusive os terceirizados, s&atilde;o orientados a realizar as melhores pr&aacute;ticas de seguran&ccedil;a da informa&ccedil;&atilde;o, inclusive e principalmente no uso de seus respectivos dispositivos digitais (fixos ou m&oacute;veis) utilizados em ambiente dom&eacute;stico (home office). Isso inclui, sem se limitar a:&nbsp;<\/span>\n<ol>\n<li style=\"font-weight: 400;\" aria-level=\"2\"><span style=\"font-weight: 400;\">Nossos colaboradores devem usar dispositivos de uso exclusivo para trabalho, se comprometendo a seguir regras de seguran&ccedil;a estabelecidas pela empresa.&nbsp;<\/span><\/li>\n<li style=\"font-weight: 400;\" aria-level=\"2\"><span style=\"font-weight: 400;\">Os dispositivos dos colaboradores devem estar com sistema operacional atualizado constantemente e fazer uso de antiv&iacute;rus e firewall.&nbsp;<\/span><\/li>\n<li style=\"font-weight: 400;\" aria-level=\"2\"><span style=\"font-weight: 400;\">Os acessos aos softwares hospedados na nuvem s&atilde;o feitos a partir de conex&otilde;es criptografadas.&nbsp;<\/span><\/li>\n<\/ol>\n<\/li>\n<li style=\"font-weight: 400;\" aria-level=\"1\"><span style=\"font-weight: 400;\">&Eacute; vedado aos prepostos da GFarias:<\/span>\n<ol>\n<li style=\"font-weight: 400;\" aria-level=\"2\"><span style=\"font-weight: 400;\">Acessar os softwares e sistemas internos atrav&eacute;s de dispositivos de terceiros.<\/span><\/li>\n<li style=\"font-weight: 400;\" aria-level=\"2\"><span style=\"font-weight: 400;\">Acessar os softwares e sistemas internos com o uso de conex&otilde;es p&uacute;blicas de dados.<\/span><\/li>\n<li style=\"font-weight: 400;\" aria-level=\"2\"><span style=\"font-weight: 400;\">Publicizar, repassar para terceiros, usar, ou proceder de qualquer forma sen&atilde;o aquela pela qual teve acesso aos dados do cliente. (termo de confidencialidade)<\/span><\/li>\n<\/ol>\n<\/li>\n<li style=\"font-weight: 400;\" aria-level=\"1\"><span style=\"font-weight: 400;\">Quando houver a necessidade de tratamento de dados do cliente em computador local, como &eacute; o caso de montagem de cursos, upgrade de vers&atilde;o de software, entre outros procedimentos, ao final o trabalho deve apagar completamente os dados do cliente no dispositivo local.&nbsp;<\/span><\/li>\n<li style=\"font-weight: 400;\" aria-level=\"1\"><span style=\"font-weight: 400;\">Nossa equipe de gerenciamento de infraestrutura tecnol&oacute;gica tamb&eacute;m &eacute; respons&aacute;vel pela determina&ccedil;&atilde;o das pol&iacute;ticas de seguran&ccedil;a da informa&ccedil;&atilde;o, bem como pela instru&ccedil;&atilde;o dos demais prepostos na implementa&ccedil;&atilde;o desta pol&iacute;tica.&nbsp;<\/span><\/li>\n<\/ul>\n<b>Sobre pol&iacute;tica de acesso<\/b>\n<ul>\n<li style=\"font-weight: 400;\" aria-level=\"1\"><span style=\"font-weight: 400;\">O acesso de nossos prepostos aos dados de nossos clientes &eacute; segmentado de acordo com uma r&iacute;gida pol&iacute;tica de seguran&ccedil;a da informa&ccedil;&atilde;o. Cada preposto tem acesso apenas aos dados necess&aacute;rios ao seu respectivo trabalho.&nbsp;<\/span><\/li>\n<li style=\"font-weight: 400;\" aria-level=\"1\"><span style=\"font-weight: 400;\">Todos os acessos e passos dados pelos nossos prepostos, seja no Helpdesk, no Moodle&trade; ou nos softwares de base da infraestrutura, s&atilde;o registrados em logs, de modo que se possa auditar o que foi feito dos acessos permitidos.<\/span><\/li>\n<li style=\"font-weight: 400;\" aria-level=\"1\"><span style=\"font-weight: 400;\">&Eacute; terminantemente proibido o compartilhamento de acessos. Cada um de nossos prepostos tem sua pr&oacute;pria credencial de acesso aos nossos sistemas internos.&nbsp;<\/span><\/li>\n<li style=\"font-weight: 400;\" aria-level=\"1\"><span style=\"font-weight: 400;\">H&aacute; possibilidade de altera&ccedil;&atilde;o da senha de um preposto, o que delata tal mudan&ccedil;a para o usu&aacute;rio correspondente. Entretanto, ningu&eacute;m tem credenciais para acessar os sistemas internos em nome de outrem sem que haja consciente (e proibido) compartilhamento de credencial de acesso.&nbsp;<\/span><\/li>\n<\/ul>\n<b>Sobre a seguran&ccedil;a da infraestrutura e dos dados<\/b>\n<ul>\n<li style=\"font-weight: 400;\" aria-level=\"1\"><span style=\"font-weight: 400;\">Nossos sistemas cr&iacute;ticos encontram-se na nuvem, materializada por datacenters de grande porte que fazemos uso, todos com certifica&ccedil;&atilde;o 27.001 e SOC2 tipo 2. Fazemos uso de nuvem p&uacute;blica (como AWS ou Digital Ocean) ou nossa pr&oacute;pria nuvem privada, localizada no Brasil, al&eacute;m de servidores bare metal para hospedagens mais simples.<\/span><\/li>\n<li style=\"font-weight: 400;\" aria-level=\"1\"><span style=\"font-weight: 400;\">A infraestrutura disponibilizada para nossos clientes conta com sistemas de firewall para monitoramento de tr&aacute;fego suspeito, preven&ccedil;&atilde;o e detec&ccedil;&atilde;o de invas&atilde;o, e que tamb&eacute;m bloqueia atividades maliciosas e de tentativas de explora&ccedil;&atilde;o de vulnerabilidades do sistema. <\/span><b>Por motivos de seguran&ccedil;a, maiores detalhes sobre nossas pr&aacute;ticas de seguran&ccedil;a da informa&ccedil;&atilde;o no que diz respeito a sistemas de prote&ccedil;&atilde;o n&atilde;o s&atilde;o tornadas p&uacute;blicas.&nbsp;<\/b><\/li>\n<li style=\"font-weight: 400;\" aria-level=\"1\"><span style=\"font-weight: 400;\">Contamos com backup de dados di&aacute;rio e local (na mesma estrutura computacional do software de produ&ccedil;&atilde;o), onde se estoca o backup do dia anterior; al&eacute;m de um backup semanal, com o backup de um dia dos &uacute;ltimos 7 dias, armazenado em estrutura computacional diferente daquela de produ&ccedil;&atilde;o. Esta pol&iacute;tica de backup &eacute; automatizada e auditada diariamente pela equipe t&eacute;cnica.&nbsp;<\/span><\/li>\n<\/ul>\n<b>Sobre tratamento de dados pessoais<\/b>\n<ul>\n<li style=\"font-weight: 400;\" aria-level=\"1\"><span style=\"font-weight: 400;\">N&oacute;s somos controladores e operadores de dados pessoais de prepostos de nossos clientes, que nos informam dados pessoais dos quais s&atilde;o titulares, como nome, telefone (quando pessoal) e email. Todos os dados s&atilde;o armazenados em nuvem, cadastrados em nosso Helpdesk, protegido pelas melhores pr&aacute;ticas de seguran&ccedil;a da informa&ccedil;&atilde;o ao nosso alcance. A nossa pol&iacute;tica de privacidade pode ser consultada em <\/span><a href=\"http:\/\/gfarias.com\/privacidade\"><span style=\"font-weight: 400;\">gfarias.com\/privacidade<\/span><\/a><span style=\"font-weight: 400;\">.&nbsp;<\/span><\/li>\n<li style=\"font-weight: 400;\" aria-level=\"1\"><span style=\"font-weight: 400;\">Quando se envolve o tratamento de dados dos usu&aacute;rios do software que hospedamos, &eacute; o nosso cliente que &eacute; o controlador de dados pessoais. Al&eacute;m de controlador, tamb&eacute;m &eacute; operador de tais dados, pois o software envolvido permite ao cliente, de forma aut&ocirc;noma e &agrave; nossa revelia, tratar os dados pessoais dos seus usu&aacute;rios. Desta forma, &eacute; o cliente que deve eleger um Encarregado de Prote&ccedil;&atilde;o de Dados ou DPO (Data Protection Officer).<\/span><\/li>\n<li style=\"font-weight: 400;\" aria-level=\"1\"><span style=\"font-weight: 400;\">Somos integradores de tecnologias com baseada em software de terceiros (Moodle&trade;, BigBlueButton, OJS, Wordpress, entre outros). N&atilde;o desenvolvemos software e, por isso, nos resta praticar uma pol&iacute;tica de atualiza&ccedil;&atilde;o de seguran&ccedil;a de tais softwares t&atilde;o logo sejamos avisados pelo desenvolvedor e autorizados pelo cliente.<\/span><\/li>\n<li style=\"font-weight: 400;\" aria-level=\"1\"><span style=\"font-weight: 400;\">Em caso de incidente de seguran&ccedil;a da informa&ccedil;&atilde;o, viola&ccedil;&atilde;o de seguran&ccedil;a, perda de dados, ou qualquer outro evento relacionado com seguran&ccedil;a da informa&ccedil;&atilde;o, nosso protocolo sequencia: (i) a solu&ccedil;&atilde;o do problema de seguran&ccedil;a, com bloqueios que sejam necess&aacute;rios; (ii) o diagn&oacute;stico da ocorr&ecirc;ncia, para dimensionamento do dano ocorrido; e ent&atilde;o (iii) a comunica&ccedil;&atilde;o do evento para o cliente.<\/span><\/li>\n<\/ul>\n<b>Sobre encerramento de rela&ccedil;&atilde;o<\/b>\n<ul>\n<li style=\"font-weight: 400;\" aria-level=\"1\"><span style=\"font-weight: 400;\">Quando h&aacute; desligamento de um preposto, imediatamente todos os acessos a todos os sistemas internos cessam. A conta do Helpdesk, embora bloqueada, remanesce durante 12 meses, para fins de poss&iacute;veis auditorias, caso necess&aacute;rio. Conv&eacute;m observar que temos baix&iacute;ssima rotatividade de pessoal.&nbsp;<\/span><\/li>\n<li style=\"font-weight: 400;\" aria-level=\"1\"><span style=\"font-weight: 400;\">Quando um contrato com um cliente se encerra, o cliente deve solicitar seus dados, que s&atilde;o disponibilizados para download, obedecendo prazo estabelecido em contrato. Um link &eacute; fornecido e o cliente tem prazo para baixar e testar seus dados. Findo o prazo, os dados s&atilde;o permanentemente apagados, salvo se o cliente denunciar algum problema com a restaura&ccedil;&atilde;o dos dados baixados. Os dados podem ter seu apagamento definitivo caso o cliente confirme a adequada restaura&ccedil;&atilde;o dos dados em outro hospedeiro ou localmente.&nbsp;<\/span><\/li>\n<\/ul>\n<span style=\"font-weight: 400;\">Caso necessite maiores esclarecimentos, entre em contato conosco, atrav&eacute;s de um dos canais de comunica&ccedil;&atilde;o que disponibilizamos para tal. <\/span><\/h1>\n<\/div><\/div><\/div><\/div><\/div><\/div><div class=\"x-section e6352-e9 m4wg-0 m4wg-3 m4wg-4\" id=\"news\"><div class=\"x-row x-container max width e6352-e10 m4wg-d m4wg-e\"><div class=\"x-row-inner\"><div class=\"x-col e6352-e11 m4wg-f\"><div class=\"cs-content x-global-block x-global-block-2942 e6352-e12\"><div class=\"x-section e2942-e2 m29q-0\" id=\"newsletter\"><div class=\"x-row x-container max width e2942-e3 m29q-1 m29q-2 m29q-3 m29q-4 m29q-8 m29q-9\"><div class=\"x-row-inner\"><div class=\"x-col e2942-e4 m29q-c m29q-d m29q-e\"><div class=\"x-text x-content e2942-e5 m29q-i\"><p style=\"text-align: center;\"><span style=\"color: #808080;\">Receba <strong><span style=\"color: #333333;\">um email bimestral<\/span><\/strong> com colet\u00e2nea de novidades e nossas publica\u00e7\u00f5es com conhecimento sobre ideias, metodologias e tecnologia voltadas para Educa\u00e7\u00e3o.<br \/>\n<\/span><\/p><\/div><\/div><\/div><\/div><div class=\"x-row x-container max width e2942-e6 m29q-1 m29q-2 m29q-5 m29q-6 m29q-8 m29q-a\"><div class=\"x-row-inner\"><div class=\"x-col x-hide-sm x-hide-xs e2942-e7 m29q-c m29q-e m29q-f\"><hr class=\"x-line e2942-e8 m29q-j\"\/><\/div><div class=\"x-col e2942-e9 m29q-c m29q-g\"><div class=\"x-widget-area e2942-e10 m29q-k\"><div id=\"newsletterwidgetminimal-2\" class=\"widget widget_newsletterwidgetminimal\"><h4 class=\"h-widget\">Assine nossa newsletter<\/h4><div class=\"tnp tnp-widget-minimal\"><form class=\"tnp-form\" action=\"https:\/\/gfarias.com\/web\/wp-admin\/admin-ajax.php?action=tnp&na=s\" method=\"post\"><input type=\"hidden\" name=\"nr\" value=\"widget-minimal\"\/><input class=\"tnp-email\" type=\"email\" required name=\"ne\" value=\"\" placeholder=\"Email\" aria-label=\"Email\"><input class=\"tnp-submit\" type=\"submit\" value=\"Assinar\"><\/form><\/div><\/div><\/div><div class=\"x-text x-content e2942-e11 m29q-i\"><p style=\"text-align: center;\"><span style=\"color: #808080;\">Tratamos seu email de acordo com a <a href=\"https:\/\/pt.wikipedia.org\/wiki\/Lei_Geral_de_Prote%C3%A7%C3%A3o_de_Dados_Pessoais\" target=\"_blank\" rel=\"noopener\">LGPD<\/a>.<br \/>\nVide nossa <a href=\"https:\/\/www.gfarias.com\/privacidade\" rel=\"noopener\">pol\u00edtica de privacidade<\/a>.<\/span><\/p><\/div><\/div><div class=\"x-col x-hide-sm x-hide-xs e2942-e12 m29q-c m29q-e m29q-h\"><hr class=\"x-line e2942-e13 m29q-j\"\/><\/div><\/div><\/div><div class=\"x-row x-container max width e2942-e14 m29q-1 m29q-4 m29q-5 m29q-7 m29q-8 m29q-b\"><div class=\"x-row-inner\"><\/div><\/div><\/div><\/div><\/div><\/div><\/div><\/div><\/div>\n","protected":false},"excerpt":{"rendered":"<p>Pol&iacute;tica de seguran&ccedil;a Nossa pol&iacute;tica de seguran&ccedil;a da informa&ccedil;&atilde;o se adequa &agrave; realidade de nossos clientes, aos custos associados ao nosso trabalho, e &agrave; necessidade no trato seguro de sistemas de informa&ccedil;&atilde;o, de acordo com nosso modo de opera&ccedil;&atilde;o.&nbsp; Para tanto, tornamos p&uacute;blica parte desta pol&iacute;tica de seguran&ccedil;a de forma &#8230;<\/p>\n","protected":false},"author":3,"featured_media":536,"parent":970,"menu_order":0,"comment_status":"closed","ping_status":"closed","template":"template-blank-4.php","meta":{"rs_blank_template":"","rs_page_bg_color":"","slide_template_v7":"","_joinchat":[],"footnotes":""},"class_list":["post-6352","page","type-page","status-publish","has-post-thumbnail","hentry"],"yoast_head":"<!-- This site is optimized with the Yoast SEO plugin v27.5 - https:\/\/yoast.com\/product\/yoast-seo-wordpress\/ -->\n<title>Pol\u00edtica de Seguran\u00e7a - GFarias Educa\u00e7\u00e3o<\/title>\n<meta name=\"robots\" content=\"index, follow, max-snippet:-1, max-image-preview:large, max-video-preview:-1\" \/>\n<link rel=\"canonical\" href=\"https:\/\/gfarias.com\/web\/sobre\/seguranca\/\" \/>\n<meta property=\"og:locale\" content=\"pt_BR\" \/>\n<meta property=\"og:type\" content=\"article\" \/>\n<meta property=\"og:title\" content=\"Pol\u00edtica de Seguran\u00e7a - GFarias Educa\u00e7\u00e3o\" \/>\n<meta property=\"og:description\" content=\"Pol&iacute;tica de seguran&ccedil;a Nossa pol&iacute;tica de seguran&ccedil;a da informa&ccedil;&atilde;o se adequa &agrave; realidade de nossos clientes, aos custos associados ao nosso trabalho, e &agrave; necessidade no trato seguro de sistemas de informa&ccedil;&atilde;o, de acordo com nosso modo de opera&ccedil;&atilde;o.&nbsp; Para tanto, tornamos p&uacute;blica parte desta pol&iacute;tica de seguran&ccedil;a de forma ...\" \/>\n<meta property=\"og:url\" content=\"https:\/\/gfarias.com\/web\/sobre\/seguranca\/\" \/>\n<meta property=\"og:site_name\" content=\"GFarias Educa\u00e7\u00e3o\" \/>\n<meta property=\"article:publisher\" content=\"https:\/\/facebook.com\/gfariasonline\" \/>\n<meta property=\"article:modified_time\" content=\"2025-01-24T12:07:59+00:00\" \/>\n<meta property=\"og:image\" content=\"https:\/\/gfarias.com\/web\/wp-content\/uploads\/2019\/07\/gfarias_logo.png\" \/>\n\t<meta property=\"og:image:width\" content=\"500\" \/>\n\t<meta property=\"og:image:height\" content=\"140\" \/>\n\t<meta property=\"og:image:type\" content=\"image\/png\" \/>\n<meta name=\"twitter:card\" content=\"summary_large_image\" \/>\n<meta name=\"twitter:site\" content=\"@gfariasonline\" \/>\n<meta name=\"twitter:label1\" content=\"Est. tempo de leitura\" \/>\n\t<meta name=\"twitter:data1\" content=\"7 minutos\" \/>\n<script type=\"application\/ld+json\" class=\"yoast-schema-graph\">{\"@context\":\"https:\\\/\\\/schema.org\",\"@graph\":[{\"@type\":\"WebPage\",\"@id\":\"https:\\\/\\\/gfarias.com\\\/web\\\/sobre\\\/seguranca\\\/\",\"url\":\"https:\\\/\\\/gfarias.com\\\/web\\\/sobre\\\/seguranca\\\/\",\"name\":\"Pol\u00edtica de Seguran\u00e7a - GFarias Educa\u00e7\u00e3o\",\"isPartOf\":{\"@id\":\"https:\\\/\\\/gfarias.com\\\/web\\\/#website\"},\"primaryImageOfPage\":{\"@id\":\"https:\\\/\\\/gfarias.com\\\/web\\\/sobre\\\/seguranca\\\/#primaryimage\"},\"image\":{\"@id\":\"https:\\\/\\\/gfarias.com\\\/web\\\/sobre\\\/seguranca\\\/#primaryimage\"},\"thumbnailUrl\":\"https:\\\/\\\/gfarias.com\\\/web\\\/wp-content\\\/uploads\\\/2019\\\/07\\\/gfarias_logo.png\",\"datePublished\":\"2024-10-16T13:59:57+00:00\",\"dateModified\":\"2025-01-24T12:07:59+00:00\",\"breadcrumb\":{\"@id\":\"https:\\\/\\\/gfarias.com\\\/web\\\/sobre\\\/seguranca\\\/#breadcrumb\"},\"inLanguage\":\"pt-BR\",\"potentialAction\":[{\"@type\":\"ReadAction\",\"target\":[\"https:\\\/\\\/gfarias.com\\\/web\\\/sobre\\\/seguranca\\\/\"]}]},{\"@type\":\"ImageObject\",\"inLanguage\":\"pt-BR\",\"@id\":\"https:\\\/\\\/gfarias.com\\\/web\\\/sobre\\\/seguranca\\\/#primaryimage\",\"url\":\"https:\\\/\\\/gfarias.com\\\/web\\\/wp-content\\\/uploads\\\/2019\\\/07\\\/gfarias_logo.png\",\"contentUrl\":\"https:\\\/\\\/gfarias.com\\\/web\\\/wp-content\\\/uploads\\\/2019\\\/07\\\/gfarias_logo.png\",\"width\":500,\"height\":140},{\"@type\":\"BreadcrumbList\",\"@id\":\"https:\\\/\\\/gfarias.com\\\/web\\\/sobre\\\/seguranca\\\/#breadcrumb\",\"itemListElement\":[{\"@type\":\"ListItem\",\"position\":1,\"name\":\"Home\",\"item\":\"https:\\\/\\\/gfarias.com\\\/web\\\/\"},{\"@type\":\"ListItem\",\"position\":2,\"name\":\"SOBRE\",\"item\":\"https:\\\/\\\/gfarias.com\\\/web\\\/sobre\\\/\"},{\"@type\":\"ListItem\",\"position\":3,\"name\":\"Pol\u00edtica de Seguran\u00e7a\"}]},{\"@type\":\"WebSite\",\"@id\":\"https:\\\/\\\/gfarias.com\\\/web\\\/#website\",\"url\":\"https:\\\/\\\/gfarias.com\\\/web\\\/\",\"name\":\"GFarias Educa\u00e7\u00e3o\",\"description\":\"Conhecimento, tecnologia e servi\u00e7os para EAD.\",\"publisher\":{\"@id\":\"https:\\\/\\\/gfarias.com\\\/web\\\/#organization\"},\"alternateName\":\"Gfarias\",\"potentialAction\":[{\"@type\":\"SearchAction\",\"target\":{\"@type\":\"EntryPoint\",\"urlTemplate\":\"https:\\\/\\\/gfarias.com\\\/web\\\/?s={search_term_string}\"},\"query-input\":{\"@type\":\"PropertyValueSpecification\",\"valueRequired\":true,\"valueName\":\"search_term_string\"}}],\"inLanguage\":\"pt-BR\"},{\"@type\":\"Organization\",\"@id\":\"https:\\\/\\\/gfarias.com\\\/web\\\/#organization\",\"name\":\"GFarias Educa\u00e7\u00e3o Ltda - EPP\",\"alternateName\":\"Gfarias\",\"url\":\"https:\\\/\\\/gfarias.com\\\/web\\\/\",\"logo\":{\"@type\":\"ImageObject\",\"inLanguage\":\"pt-BR\",\"@id\":\"https:\\\/\\\/gfarias.com\\\/web\\\/#\\\/schema\\\/logo\\\/image\\\/\",\"url\":\"https:\\\/\\\/gfarias.com\\\/web\\\/wp-content\\\/uploads\\\/2025\\\/11\\\/gfarias_sqr.png\",\"contentUrl\":\"https:\\\/\\\/gfarias.com\\\/web\\\/wp-content\\\/uploads\\\/2025\\\/11\\\/gfarias_sqr.png\",\"width\":1981,\"height\":1980,\"caption\":\"GFarias Educa\u00e7\u00e3o Ltda - EPP\"},\"image\":{\"@id\":\"https:\\\/\\\/gfarias.com\\\/web\\\/#\\\/schema\\\/logo\\\/image\\\/\"},\"sameAs\":[\"https:\\\/\\\/facebook.com\\\/gfariasonline\",\"https:\\\/\\\/x.com\\\/gfariasonline\",\"https:\\\/\\\/instagram.com\\\/gfariasonline\",\"https:\\\/\\\/linkedin.com\\\/company\\\/gfariasonline\",\"https:\\\/\\\/www.youtube.com\\\/channel\\\/UCO_0C8iIua1Be3RxelFNBPQ\"]}]}<\/script>\n<!-- \/ Yoast SEO plugin. -->","yoast_head_json":{"title":"Pol\u00edtica de Seguran\u00e7a - GFarias Educa\u00e7\u00e3o","robots":{"index":"index","follow":"follow","max-snippet":"max-snippet:-1","max-image-preview":"max-image-preview:large","max-video-preview":"max-video-preview:-1"},"canonical":"https:\/\/gfarias.com\/web\/sobre\/seguranca\/","og_locale":"pt_BR","og_type":"article","og_title":"Pol\u00edtica de Seguran\u00e7a - GFarias Educa\u00e7\u00e3o","og_description":"Pol&iacute;tica de seguran&ccedil;a Nossa pol&iacute;tica de seguran&ccedil;a da informa&ccedil;&atilde;o se adequa &agrave; realidade de nossos clientes, aos custos associados ao nosso trabalho, e &agrave; necessidade no trato seguro de sistemas de informa&ccedil;&atilde;o, de acordo com nosso modo de opera&ccedil;&atilde;o.&nbsp; Para tanto, tornamos p&uacute;blica parte desta pol&iacute;tica de seguran&ccedil;a de forma ...","og_url":"https:\/\/gfarias.com\/web\/sobre\/seguranca\/","og_site_name":"GFarias Educa\u00e7\u00e3o","article_publisher":"https:\/\/facebook.com\/gfariasonline","article_modified_time":"2025-01-24T12:07:59+00:00","og_image":[{"width":500,"height":140,"url":"https:\/\/gfarias.com\/web\/wp-content\/uploads\/2019\/07\/gfarias_logo.png","type":"image\/png"}],"twitter_card":"summary_large_image","twitter_site":"@gfariasonline","twitter_misc":{"Est. tempo de leitura":"7 minutos"},"schema":{"@context":"https:\/\/schema.org","@graph":[{"@type":"WebPage","@id":"https:\/\/gfarias.com\/web\/sobre\/seguranca\/","url":"https:\/\/gfarias.com\/web\/sobre\/seguranca\/","name":"Pol\u00edtica de Seguran\u00e7a - GFarias Educa\u00e7\u00e3o","isPartOf":{"@id":"https:\/\/gfarias.com\/web\/#website"},"primaryImageOfPage":{"@id":"https:\/\/gfarias.com\/web\/sobre\/seguranca\/#primaryimage"},"image":{"@id":"https:\/\/gfarias.com\/web\/sobre\/seguranca\/#primaryimage"},"thumbnailUrl":"https:\/\/gfarias.com\/web\/wp-content\/uploads\/2019\/07\/gfarias_logo.png","datePublished":"2024-10-16T13:59:57+00:00","dateModified":"2025-01-24T12:07:59+00:00","breadcrumb":{"@id":"https:\/\/gfarias.com\/web\/sobre\/seguranca\/#breadcrumb"},"inLanguage":"pt-BR","potentialAction":[{"@type":"ReadAction","target":["https:\/\/gfarias.com\/web\/sobre\/seguranca\/"]}]},{"@type":"ImageObject","inLanguage":"pt-BR","@id":"https:\/\/gfarias.com\/web\/sobre\/seguranca\/#primaryimage","url":"https:\/\/gfarias.com\/web\/wp-content\/uploads\/2019\/07\/gfarias_logo.png","contentUrl":"https:\/\/gfarias.com\/web\/wp-content\/uploads\/2019\/07\/gfarias_logo.png","width":500,"height":140},{"@type":"BreadcrumbList","@id":"https:\/\/gfarias.com\/web\/sobre\/seguranca\/#breadcrumb","itemListElement":[{"@type":"ListItem","position":1,"name":"Home","item":"https:\/\/gfarias.com\/web\/"},{"@type":"ListItem","position":2,"name":"SOBRE","item":"https:\/\/gfarias.com\/web\/sobre\/"},{"@type":"ListItem","position":3,"name":"Pol\u00edtica de Seguran\u00e7a"}]},{"@type":"WebSite","@id":"https:\/\/gfarias.com\/web\/#website","url":"https:\/\/gfarias.com\/web\/","name":"GFarias Educa\u00e7\u00e3o","description":"Conhecimento, tecnologia e servi\u00e7os para EAD.","publisher":{"@id":"https:\/\/gfarias.com\/web\/#organization"},"alternateName":"Gfarias","potentialAction":[{"@type":"SearchAction","target":{"@type":"EntryPoint","urlTemplate":"https:\/\/gfarias.com\/web\/?s={search_term_string}"},"query-input":{"@type":"PropertyValueSpecification","valueRequired":true,"valueName":"search_term_string"}}],"inLanguage":"pt-BR"},{"@type":"Organization","@id":"https:\/\/gfarias.com\/web\/#organization","name":"GFarias Educa\u00e7\u00e3o Ltda - EPP","alternateName":"Gfarias","url":"https:\/\/gfarias.com\/web\/","logo":{"@type":"ImageObject","inLanguage":"pt-BR","@id":"https:\/\/gfarias.com\/web\/#\/schema\/logo\/image\/","url":"https:\/\/gfarias.com\/web\/wp-content\/uploads\/2025\/11\/gfarias_sqr.png","contentUrl":"https:\/\/gfarias.com\/web\/wp-content\/uploads\/2025\/11\/gfarias_sqr.png","width":1981,"height":1980,"caption":"GFarias Educa\u00e7\u00e3o Ltda - EPP"},"image":{"@id":"https:\/\/gfarias.com\/web\/#\/schema\/logo\/image\/"},"sameAs":["https:\/\/facebook.com\/gfariasonline","https:\/\/x.com\/gfariasonline","https:\/\/instagram.com\/gfariasonline","https:\/\/linkedin.com\/company\/gfariasonline","https:\/\/www.youtube.com\/channel\/UCO_0C8iIua1Be3RxelFNBPQ"]}]}},"_links":{"self":[{"href":"https:\/\/gfarias.com\/web\/wp-json\/wp\/v2\/pages\/6352","targetHints":{"allow":["GET"]}}],"collection":[{"href":"https:\/\/gfarias.com\/web\/wp-json\/wp\/v2\/pages"}],"about":[{"href":"https:\/\/gfarias.com\/web\/wp-json\/wp\/v2\/types\/page"}],"author":[{"embeddable":true,"href":"https:\/\/gfarias.com\/web\/wp-json\/wp\/v2\/users\/3"}],"replies":[{"embeddable":true,"href":"https:\/\/gfarias.com\/web\/wp-json\/wp\/v2\/comments?post=6352"}],"version-history":[{"count":7,"href":"https:\/\/gfarias.com\/web\/wp-json\/wp\/v2\/pages\/6352\/revisions"}],"predecessor-version":[{"id":6414,"href":"https:\/\/gfarias.com\/web\/wp-json\/wp\/v2\/pages\/6352\/revisions\/6414"}],"up":[{"embeddable":true,"href":"https:\/\/gfarias.com\/web\/wp-json\/wp\/v2\/pages\/970"}],"wp:featuredmedia":[{"embeddable":true,"href":"https:\/\/gfarias.com\/web\/wp-json\/wp\/v2\/media\/536"}],"wp:attachment":[{"href":"https:\/\/gfarias.com\/web\/wp-json\/wp\/v2\/media?parent=6352"}],"curies":[{"name":"wp","href":"https:\/\/api.w.org\/{rel}","templated":true}]}}