{"id":6462,"date":"2025-06-20T08:49:18","date_gmt":"2025-06-20T11:49:18","guid":{"rendered":"https:\/\/gfarias.com\/web\/servicos\/consultoria-2\/"},"modified":"2026-03-31T16:57:26","modified_gmt":"2026-03-31T19:57:26","slug":"mbrpay","status":"publish","type":"page","link":"https:\/\/gfarias.com\/web\/solucoes\/mbrpay\/","title":{"rendered":"MBRPay"},"content":{"rendered":"<div id=\"cs-content\" class=\"cs-content\"><div class=\"x-section e6462-e1 m4zi-0 m4zi-1 m4zi-2 m4zi-3\"><div class=\"x-bg\" aria-hidden=\"true\"><div class=\"x-bg-layer-lower-color\"><\/div><\/div><div class=\"x-container max width e6462-e2 m4zi-7\"><div class=\"x-column x-sm x-1-1 e6462-e3 m4zi-8\"><span class=\"x-image e6462-e4 m4zi-9 m4zi-a m4zi-b m4zi-c\"><img decoding=\"async\" src=\"https:\/\/gfarias.com\/web\/wp-content\/uploads\/2025\/08\/MBRPAY.png\" width=\"373\" height=\"128\" alt=\"Image\" loading=\"lazy\"><\/span><\/div><\/div><span class=\"x-separator-bottom-curve-in\" style=\"bottom: 1px; height: 40px; color: #236900;\" aria-hidden=\"true\"><svg class=\"curve-bottom-in\" style=\"fill: currentColor;\" xmlns=\"http:\/\/www.w3.org\/2000\/svg\" version=\"1.1\" viewBox=\"0 0 100 50\" preserveAspectRatio=\"none\"><path d=\"M0,50V0h50C22.4,0,0,50,0,50z\"\/><path d=\"M50,0h50v50C100,50,77.6,0,50,0z\"\/><\/svg><\/span><\/div><div class=\"x-section e6462-e5 m4zi-1 m4zi-2 m4zi-4 m4zi-5\"><div class=\"x-row x-container max width e6462-e6 m4zi-h m4zi-i m4zi-j m4zi-k m4zi-l m4zi-r m4zi-s\"><div class=\"x-row-inner\"><div class=\"x-col x-hide-sm x-hide-xs e6462-e7 m4zi-11 m4zi-12 m4zi-13 m4zi-14\"><span class=\"x-image e6462-e8 m4zi-9 m4zi-c m4zi-d m4zi-e\"><img decoding=\"async\" src=\"https:\/\/gfarias.com\/web\/wp-content\/uploads\/2026\/03\/Captura-de-tela-2026-03-31-160022.png\" width=\"1259\" height=\"909\" alt=\"Image\" loading=\"lazy\"><\/span><\/div><div class=\"x-col e6462-e9 m4zi-11 m4zi-13 m4zi-15 m4zi-16\"><div class=\"x-text x-text-headline e6462-e10 m4zi-19 m4zi-1a m4zi-1b m4zi-1c\"><div class=\"x-text-content\"><div class=\"x-text-content-text\"><h1 class=\"x-text-content-text-primary\"><b>&nbsp;Gateway de Pagamentos ASAAS para Moodle<\/b><\/h1>\n<\/div><\/div><\/div><hr class=\"x-line e6462-e11 m4zi-1h\"\/><div class=\"x-text x-text-headline e6462-e12 m4zi-19 m4zi-1a m4zi-1d m4zi-1e m4zi-1f\"><div class=\"x-text-content\"><div class=\"x-text-content-text\"><h1 class=\"x-text-content-text-primary\">Desenvolvido seguindo os padr&otilde;es da API oficial de Payment Gateway do Moodle, garantindo compatibilidade com o ecossistema da plataforma e integra&ccedil;&atilde;o direta com o fluxo nativo de pagamentos.&nbsp;<\/h1>\n<\/div><\/div><\/div><\/div><\/div><\/div><div class=\"x-row x-container max width e6462-e13 m4zi-h m4zi-i m4zi-l m4zi-m m4zi-r m4zi-t\"><div class=\"x-row-inner\"><div class=\"x-col e6462-e14 m4zi-11 m4zi-13 m4zi-15 m4zi-17\"><div class=\"x-text x-text-headline e6462-e15 m4zi-19 m4zi-1a m4zi-1b m4zi-1c\"><div class=\"x-text-content\"><div class=\"x-text-content-text\"><h1 class=\"x-text-content-text-primary\"><b>Pagamentos Simplificados<\/b><\/h1>\n<\/div><\/div><\/div><hr class=\"x-line e6462-e16 m4zi-1h\"\/><div class=\"x-text x-text-headline e6462-e17 m4zi-19 m4zi-1a m4zi-1d m4zi-1e m4zi-1f\"><div class=\"x-text-content\"><div class=\"x-text-content-text\"><h1 class=\"x-text-content-text-primary\">Permita que seus alunos paguem sem sair do ambiente:\n<ul>\n<li data-section-id=\"175ork9\" data-start=\"406\" data-end=\"413\">PIX<\/li>\n<li data-section-id=\"9pyfdj\" data-start=\"414\" data-end=\"444\">Cart&atilde;o de cr&eacute;dito e d&eacute;bito<\/li>\n<li data-section-id=\"3t12x8\" data-start=\"445\" data-end=\"464\">Boleto banc&aacute;rio<\/li>\n<\/ul>\nAp&oacute;s a confirma&ccedil;&atilde;o do pagamento, a matr&iacute;cula &eacute; realizada automaticamente.<\/h1>\n<\/div><\/div><\/div><\/div><div class=\"x-col x-hide-sm x-hide-xs e6462-e18 m4zi-11 m4zi-12 m4zi-13 m4zi-14 m4zi-18\"><span class=\"x-image e6462-e19 m4zi-9 m4zi-c m4zi-d m4zi-f m4zi-g\"><img decoding=\"async\" src=\"https:\/\/gfarias.com\/web\/wp-content\/uploads\/2026\/03\/Captura-de-tela-2026-03-31-154923.png\" width=\"1259\" height=\"911\" alt=\"Image\" loading=\"lazy\"><\/span><\/div><\/div><\/div><div class=\"x-row x-container max width e6462-e20 m4zi-h m4zi-i m4zi-l m4zi-m m4zi-r m4zi-u\"><div class=\"x-row-inner\"><div class=\"x-col x-hide-sm x-hide-xs e6462-e21 m4zi-11 m4zi-12 m4zi-13 m4zi-14\"><span class=\"x-image e6462-e22 m4zi-9 m4zi-c m4zi-d m4zi-e\"><img decoding=\"async\" src=\"https:\/\/gfarias.com\/web\/wp-content\/uploads\/2026\/03\/Captura-de-tela-2026-03-31-154821.png\" width=\"1256\" height=\"914\" alt=\"Image\" loading=\"lazy\"><\/span><\/div><div class=\"x-col e6462-e23 m4zi-11 m4zi-13 m4zi-15 m4zi-17\"><div class=\"x-text x-text-headline e6462-e24 m4zi-19 m4zi-1a m4zi-1b m4zi-1c\"><div class=\"x-text-content\"><div class=\"x-text-content-text\"><h1 class=\"x-text-content-text-primary\"><b>Automa&ccedil;&atilde;o Completa<\/b><\/h1>\n<\/div><\/div><\/div><hr class=\"x-line e6462-e25 m4zi-1h\"\/><div class=\"x-text x-text-headline e6462-e26 m4zi-19 m4zi-1a m4zi-1d m4zi-1e m4zi-1f\"><div class=\"x-text-content\"><div class=\"x-text-content-text\"><h1 class=\"x-text-content-text-primary\"><ul>\n<li data-section-id=\"1pcmdec\" data-start=\"573\" data-end=\"622\">Atualiza&ccedil;&atilde;o autom&aacute;tica do status de pagamento<\/li>\n<li data-section-id=\"i87sbj\" data-start=\"623\" data-end=\"664\">Libera&ccedil;&atilde;o imediata do acesso ao curso<\/li>\n<li data-section-id=\"1adyyqn\" data-start=\"665\" data-end=\"697\">Redu&ccedil;&atilde;o de processos manuais<\/li>\n<\/ul>\nMais efici&ecirc;ncia para sua opera&ccedil;&atilde;o, mais agilidade para o aluno.<\/h1>\n<\/div><\/div><\/div><\/div><\/div><\/div><div class=\"x-row x-container max width e6462-e27 m4zi-h m4zi-i m4zi-k m4zi-l m4zi-n m4zi-r m4zi-v\"><div class=\"x-row-inner\"><div class=\"x-col e6462-e28 m4zi-11 m4zi-13 m4zi-15 m4zi-17\"><div class=\"x-text x-text-headline e6462-e29 m4zi-19 m4zi-1a m4zi-1b m4zi-1c\"><div class=\"x-text-content\"><div class=\"x-text-content-text\"><h1 class=\"x-text-content-text-primary\"><b>Integra&ccedil;&atilde;o Nativa com o Moodle<\/b><\/h1>\n<\/div><\/div><\/div><hr class=\"x-line e6462-e30 m4zi-1h\"\/><div class=\"x-text x-text-headline e6462-e31 m4zi-19 m4zi-1a m4zi-1d m4zi-1e m4zi-1f\"><div class=\"x-text-content\"><div class=\"x-text-content-text\"><h1 class=\"x-text-content-text-primary\">Desenvolvido com base na API oficial de Payment Gateway:\n<ul>\n<li data-section-id=\"unl2x9\" data-start=\"865\" data-end=\"915\">Compatibilidade total com o ecossistema Moodle<\/li>\n<li data-section-id=\"1q9n317\" data-start=\"916\" data-end=\"970\">Integra&ccedil;&atilde;o direta com o fluxo nativo de pagamentos<\/li>\n<\/ul><\/h1>\n<\/div><\/div><\/div><\/div><div class=\"x-col x-hide-sm x-hide-xs e6462-e32 m4zi-11 m4zi-12 m4zi-13 m4zi-14\"><span class=\"x-image e6462-e33 m4zi-9 m4zi-c m4zi-d m4zi-f\"><img decoding=\"async\" src=\"https:\/\/gfarias.com\/web\/wp-content\/uploads\/2026\/03\/Captura-de-tela-2026-03-31-155704-1.png\" width=\"1260\" height=\"912\" alt=\"Image\" loading=\"lazy\"><\/span><\/div><\/div><\/div><div class=\"x-row x-container max width e6462-e34 m4zi-h m4zi-i m4zi-k m4zi-l m4zi-n m4zi-r m4zi-w\"><div class=\"x-row-inner\"><div class=\"x-col x-hide-sm x-hide-xs e6462-e35 m4zi-11 m4zi-12 m4zi-13 m4zi-14\"><span class=\"x-image e6462-e36 m4zi-9 m4zi-c m4zi-d m4zi-e\"><img decoding=\"async\" src=\"https:\/\/gfarias.com\/web\/wp-content\/uploads\/2026\/03\/Captura-de-tela-2026-03-31-155309.png\" width=\"1260\" height=\"911\" alt=\"Image\" loading=\"lazy\"><\/span><\/div><div class=\"x-col e6462-e37 m4zi-11 m4zi-13 m4zi-15 m4zi-17\"><div class=\"x-text x-text-headline e6462-e38 m4zi-19 m4zi-1a m4zi-1b m4zi-1c\"><div class=\"x-text-content\"><div class=\"x-text-content-text\"><h1 class=\"x-text-content-text-primary\">Acompanhamento e Controle<\/h1>\n<\/div><\/div><\/div><hr class=\"x-line e6462-e39 m4zi-1h\"\/><div class=\"x-text x-text-headline e6462-e40 m4zi-19 m4zi-1a m4zi-1d m4zi-1e m4zi-1f\"><div class=\"x-text-content\"><div class=\"x-text-content-text\"><h1 class=\"x-text-content-text-primary\"><ul>\n<li>\n<p data-start=\"1020\" data-end=\"1080\">O aluno escolhe como pagar e finaliza tudo dentro do Moodle:<\/p>\n<ul data-start=\"1081\" data-end=\"1196\">\n<li data-section-id=\"i69etv\" data-start=\"1081\" data-end=\"1127\">PIX com QR Code para pagamento instant&acirc;neo<\/li>\n<li data-section-id=\"1yr7ul2\" data-start=\"1128\" data-end=\"1153\">Boleto gerado na hora<\/li>\n<li data-section-id=\"1abzuln\" data-start=\"1154\" data-end=\"1196\">Cart&atilde;o com formul&aacute;rio seguro integrado<\/li>\n<\/ul>\n<\/li>\n<\/ul><\/h1>\n<\/div><\/div><\/div><\/div><\/div><\/div><div class=\"x-row x-container max width e6462-e41 m4zi-h m4zi-i m4zi-k m4zi-l m4zi-n m4zi-r m4zi-x\"><div class=\"x-row-inner\"><div class=\"x-col e6462-e42 m4zi-11 m4zi-13 m4zi-15 m4zi-17\"><div class=\"x-text x-text-headline e6462-e43 m4zi-19 m4zi-1a m4zi-1b m4zi-1c\"><div class=\"x-text-content\"><div class=\"x-text-content-text\"><h1 class=\"x-text-content-text-primary\"><b>Principais Recursos<\/b><\/h1>\n<\/div><\/div><\/div><hr class=\"x-line e6462-e44 m4zi-1h\"\/><div class=\"x-text x-text-headline e6462-e45 m4zi-19 m4zi-1a m4zi-1d m4zi-1e m4zi-1f\"><div class=\"x-text-content\"><div class=\"x-text-content-text\"><h1 class=\"x-text-content-text-primary\"><ul>\n<li data-section-id=\"17uqkni\" data-start=\"1370\" data-end=\"1401\">Integra&ccedil;&atilde;o direta com ASAAS<\/li>\n<li data-section-id=\"vz1q6o\" data-start=\"1402\" data-end=\"1441\">Pagamentos via PIX, cart&atilde;o e boleto<\/li>\n<li data-section-id=\"xi5mlx\" data-start=\"1442\" data-end=\"1478\">Atualiza&ccedil;&atilde;o autom&aacute;tica de status<\/li>\n<li data-section-id=\"1ghu8cz\" data-start=\"1479\" data-end=\"1516\">Libera&ccedil;&atilde;o autom&aacute;tica de matr&iacute;cula<\/li>\n<li data-section-id=\"nai3qh\" data-start=\"1517\" data-end=\"1557\">Experi&ecirc;ncia 100% integrada ao Moodle<\/li>\n<\/ul><\/h1>\n<\/div><\/div><\/div><\/div><div class=\"x-col x-hide-sm x-hide-xs e6462-e46 m4zi-11 m4zi-12 m4zi-13 m4zi-14\"><span class=\"x-image e6462-e47 m4zi-9 m4zi-c m4zi-d m4zi-f\"><img decoding=\"async\" src=\"https:\/\/gfarias.com\/web\/wp-content\/uploads\/2026\/03\/Captura-de-tela-2026-03-31-155938.png\" width=\"1259\" height=\"912\" alt=\"Image\" loading=\"lazy\"><\/span><\/div><\/div><\/div><div class=\"x-row x-container max width e6462-e48 m4zi-i m4zi-o m4zi-p m4zi-y\"><div class=\"x-row-inner\"><div class=\"x-col e6462-e49 m4zi-13 m4zi-14\"><div class=\"x-text x-content x-hide-sm x-hide-xs e6462-e50 m4zi-1i\">As imagens apresentadas nesta p\u00e1gina s\u00e3o ilustrativas e possuem elementos sens\u00edveis borrados para prote\u00e7\u00e3o de dados.<\/div><\/div><\/div><\/div><\/div><\/div>\n","protected":false},"excerpt":{"rendered":"<p>&nbsp;Gateway de Pagamentos ASAAS para Moodle Desenvolvido seguindo os padr&otilde;es da API oficial de Payment Gateway do Moodle, garantindo compatibilidade com o ecossistema da plataforma e integra&ccedil;&atilde;o direta com o fluxo nativo de pagamentos.&nbsp; Pagamentos Simplificados Permita que seus alunos paguem sem sair do ambiente: PIX Cart&atilde;o de cr&eacute;dito e &#8230;<\/p>\n","protected":false},"author":1,"featured_media":0,"parent":993,"menu_order":0,"comment_status":"closed","ping_status":"closed","template":"template-blank-4.php","meta":{"rs_blank_template":"","rs_page_bg_color":"","slide_template_v7":"","_joinchat":[],"footnotes":""},"class_list":["post-6462","page","type-page","status-publish","hentry","no-post-thumbnail"],"yoast_head":"<!-- This site is optimized with the Yoast SEO plugin v27.3 - https:\/\/yoast.com\/product\/yoast-seo-wordpress\/ -->\n<title>MBRPay - GFarias Educa\u00e7\u00e3o<\/title>\n<meta name=\"robots\" content=\"index, follow, max-snippet:-1, max-image-preview:large, max-video-preview:-1\" \/>\n<link rel=\"canonical\" href=\"https:\/\/gfarias.com\/web\/solucoes\/mbrpay\/\" \/>\n<meta property=\"og:locale\" content=\"pt_BR\" \/>\n<meta property=\"og:type\" content=\"article\" \/>\n<meta property=\"og:title\" content=\"MBRPay - GFarias Educa\u00e7\u00e3o\" \/>\n<meta property=\"og:description\" content=\"&nbsp;Gateway de Pagamentos ASAAS para Moodle Desenvolvido seguindo os padr&otilde;es da API oficial de Payment Gateway do Moodle, garantindo compatibilidade com o ecossistema da plataforma e integra&ccedil;&atilde;o direta com o fluxo nativo de pagamentos.&nbsp; Pagamentos Simplificados Permita que seus alunos paguem sem sair do ambiente: PIX Cart&atilde;o de cr&eacute;dito e ...\" \/>\n<meta property=\"og:url\" content=\"https:\/\/gfarias.com\/web\/solucoes\/mbrpay\/\" \/>\n<meta property=\"og:site_name\" content=\"GFarias Educa\u00e7\u00e3o\" \/>\n<meta property=\"article:publisher\" content=\"https:\/\/facebook.com\/gfariasonline\" \/>\n<meta property=\"article:modified_time\" content=\"2026-03-31T19:57:26+00:00\" \/>\n<meta property=\"og:image\" content=\"https:\/\/gfarias.com\/web\/wp-content\/uploads\/2025\/11\/gfarias_sqr.png\" \/>\n\t<meta property=\"og:image:width\" content=\"1981\" \/>\n\t<meta property=\"og:image:height\" content=\"1980\" \/>\n\t<meta property=\"og:image:type\" content=\"image\/png\" \/>\n<meta name=\"twitter:card\" content=\"summary_large_image\" \/>\n<meta name=\"twitter:site\" content=\"@gfariasonline\" \/>\n<meta name=\"twitter:label1\" content=\"Est. tempo de leitura\" \/>\n\t<meta name=\"twitter:data1\" content=\"4 minutos\" \/>\n<script type=\"application\/ld+json\" class=\"yoast-schema-graph\">{\"@context\":\"https:\\\/\\\/schema.org\",\"@graph\":[{\"@type\":\"WebPage\",\"@id\":\"https:\\\/\\\/gfarias.com\\\/web\\\/solucoes\\\/mbrpay\\\/\",\"url\":\"https:\\\/\\\/gfarias.com\\\/web\\\/solucoes\\\/mbrpay\\\/\",\"name\":\"MBRPay - GFarias Educa\u00e7\u00e3o\",\"isPartOf\":{\"@id\":\"https:\\\/\\\/gfarias.com\\\/web\\\/#website\"},\"datePublished\":\"2025-06-20T11:49:18+00:00\",\"dateModified\":\"2026-03-31T19:57:26+00:00\",\"breadcrumb\":{\"@id\":\"https:\\\/\\\/gfarias.com\\\/web\\\/solucoes\\\/mbrpay\\\/#breadcrumb\"},\"inLanguage\":\"pt-BR\",\"potentialAction\":[{\"@type\":\"ReadAction\",\"target\":[\"https:\\\/\\\/gfarias.com\\\/web\\\/solucoes\\\/mbrpay\\\/\"]}]},{\"@type\":\"BreadcrumbList\",\"@id\":\"https:\\\/\\\/gfarias.com\\\/web\\\/solucoes\\\/mbrpay\\\/#breadcrumb\",\"itemListElement\":[{\"@type\":\"ListItem\",\"position\":1,\"name\":\"Home\",\"item\":\"https:\\\/\\\/gfarias.com\\\/web\\\/\"},{\"@type\":\"ListItem\",\"position\":2,\"name\":\"SOLU\u00c7\u00d5ES\",\"item\":\"https:\\\/\\\/gfarias.com\\\/web\\\/solucoes\\\/\"},{\"@type\":\"ListItem\",\"position\":3,\"name\":\"MBRPay\"}]},{\"@type\":\"WebSite\",\"@id\":\"https:\\\/\\\/gfarias.com\\\/web\\\/#website\",\"url\":\"https:\\\/\\\/gfarias.com\\\/web\\\/\",\"name\":\"GFarias Educa\u00e7\u00e3o\",\"description\":\"Conhecimento, tecnologia e servi\u00e7os para EAD.\",\"publisher\":{\"@id\":\"https:\\\/\\\/gfarias.com\\\/web\\\/#organization\"},\"alternateName\":\"Gfarias\",\"potentialAction\":[{\"@type\":\"SearchAction\",\"target\":{\"@type\":\"EntryPoint\",\"urlTemplate\":\"https:\\\/\\\/gfarias.com\\\/web\\\/?s={search_term_string}\"},\"query-input\":{\"@type\":\"PropertyValueSpecification\",\"valueRequired\":true,\"valueName\":\"search_term_string\"}}],\"inLanguage\":\"pt-BR\"},{\"@type\":\"Organization\",\"@id\":\"https:\\\/\\\/gfarias.com\\\/web\\\/#organization\",\"name\":\"GFarias Educa\u00e7\u00e3o Ltda - EPP\",\"alternateName\":\"Gfarias\",\"url\":\"https:\\\/\\\/gfarias.com\\\/web\\\/\",\"logo\":{\"@type\":\"ImageObject\",\"inLanguage\":\"pt-BR\",\"@id\":\"https:\\\/\\\/gfarias.com\\\/web\\\/#\\\/schema\\\/logo\\\/image\\\/\",\"url\":\"https:\\\/\\\/gfarias.com\\\/web\\\/wp-content\\\/uploads\\\/2025\\\/11\\\/gfarias_sqr.png\",\"contentUrl\":\"https:\\\/\\\/gfarias.com\\\/web\\\/wp-content\\\/uploads\\\/2025\\\/11\\\/gfarias_sqr.png\",\"width\":1981,\"height\":1980,\"caption\":\"GFarias Educa\u00e7\u00e3o Ltda - EPP\"},\"image\":{\"@id\":\"https:\\\/\\\/gfarias.com\\\/web\\\/#\\\/schema\\\/logo\\\/image\\\/\"},\"sameAs\":[\"https:\\\/\\\/facebook.com\\\/gfariasonline\",\"https:\\\/\\\/x.com\\\/gfariasonline\",\"https:\\\/\\\/instagram.com\\\/gfariasonline\",\"https:\\\/\\\/linkedin.com\\\/company\\\/gfariasonline\",\"https:\\\/\\\/www.youtube.com\\\/channel\\\/UCO_0C8iIua1Be3RxelFNBPQ\"]}]}<\/script>\n<!-- \/ Yoast SEO plugin. -->","yoast_head_json":{"title":"MBRPay - GFarias Educa\u00e7\u00e3o","robots":{"index":"index","follow":"follow","max-snippet":"max-snippet:-1","max-image-preview":"max-image-preview:large","max-video-preview":"max-video-preview:-1"},"canonical":"https:\/\/gfarias.com\/web\/solucoes\/mbrpay\/","og_locale":"pt_BR","og_type":"article","og_title":"MBRPay - GFarias Educa\u00e7\u00e3o","og_description":"&nbsp;Gateway de Pagamentos ASAAS para Moodle Desenvolvido seguindo os padr&otilde;es da API oficial de Payment Gateway do Moodle, garantindo compatibilidade com o ecossistema da plataforma e integra&ccedil;&atilde;o direta com o fluxo nativo de pagamentos.&nbsp; Pagamentos Simplificados Permita que seus alunos paguem sem sair do ambiente: PIX Cart&atilde;o de cr&eacute;dito e ...","og_url":"https:\/\/gfarias.com\/web\/solucoes\/mbrpay\/","og_site_name":"GFarias Educa\u00e7\u00e3o","article_publisher":"https:\/\/facebook.com\/gfariasonline","article_modified_time":"2026-03-31T19:57:26+00:00","og_image":[{"width":1981,"height":1980,"url":"https:\/\/gfarias.com\/web\/wp-content\/uploads\/2025\/11\/gfarias_sqr.png","type":"image\/png"}],"twitter_card":"summary_large_image","twitter_site":"@gfariasonline","twitter_misc":{"Est. tempo de leitura":"4 minutos"},"schema":{"@context":"https:\/\/schema.org","@graph":[{"@type":"WebPage","@id":"https:\/\/gfarias.com\/web\/solucoes\/mbrpay\/","url":"https:\/\/gfarias.com\/web\/solucoes\/mbrpay\/","name":"MBRPay - GFarias Educa\u00e7\u00e3o","isPartOf":{"@id":"https:\/\/gfarias.com\/web\/#website"},"datePublished":"2025-06-20T11:49:18+00:00","dateModified":"2026-03-31T19:57:26+00:00","breadcrumb":{"@id":"https:\/\/gfarias.com\/web\/solucoes\/mbrpay\/#breadcrumb"},"inLanguage":"pt-BR","potentialAction":[{"@type":"ReadAction","target":["https:\/\/gfarias.com\/web\/solucoes\/mbrpay\/"]}]},{"@type":"BreadcrumbList","@id":"https:\/\/gfarias.com\/web\/solucoes\/mbrpay\/#breadcrumb","itemListElement":[{"@type":"ListItem","position":1,"name":"Home","item":"https:\/\/gfarias.com\/web\/"},{"@type":"ListItem","position":2,"name":"SOLU\u00c7\u00d5ES","item":"https:\/\/gfarias.com\/web\/solucoes\/"},{"@type":"ListItem","position":3,"name":"MBRPay"}]},{"@type":"WebSite","@id":"https:\/\/gfarias.com\/web\/#website","url":"https:\/\/gfarias.com\/web\/","name":"GFarias Educa\u00e7\u00e3o","description":"Conhecimento, tecnologia e servi\u00e7os para EAD.","publisher":{"@id":"https:\/\/gfarias.com\/web\/#organization"},"alternateName":"Gfarias","potentialAction":[{"@type":"SearchAction","target":{"@type":"EntryPoint","urlTemplate":"https:\/\/gfarias.com\/web\/?s={search_term_string}"},"query-input":{"@type":"PropertyValueSpecification","valueRequired":true,"valueName":"search_term_string"}}],"inLanguage":"pt-BR"},{"@type":"Organization","@id":"https:\/\/gfarias.com\/web\/#organization","name":"GFarias Educa\u00e7\u00e3o Ltda - EPP","alternateName":"Gfarias","url":"https:\/\/gfarias.com\/web\/","logo":{"@type":"ImageObject","inLanguage":"pt-BR","@id":"https:\/\/gfarias.com\/web\/#\/schema\/logo\/image\/","url":"https:\/\/gfarias.com\/web\/wp-content\/uploads\/2025\/11\/gfarias_sqr.png","contentUrl":"https:\/\/gfarias.com\/web\/wp-content\/uploads\/2025\/11\/gfarias_sqr.png","width":1981,"height":1980,"caption":"GFarias Educa\u00e7\u00e3o Ltda - EPP"},"image":{"@id":"https:\/\/gfarias.com\/web\/#\/schema\/logo\/image\/"},"sameAs":["https:\/\/facebook.com\/gfariasonline","https:\/\/x.com\/gfariasonline","https:\/\/instagram.com\/gfariasonline","https:\/\/linkedin.com\/company\/gfariasonline","https:\/\/www.youtube.com\/channel\/UCO_0C8iIua1Be3RxelFNBPQ"]}]}},"_links":{"self":[{"href":"https:\/\/gfarias.com\/web\/wp-json\/wp\/v2\/pages\/6462","targetHints":{"allow":["GET"]}}],"collection":[{"href":"https:\/\/gfarias.com\/web\/wp-json\/wp\/v2\/pages"}],"about":[{"href":"https:\/\/gfarias.com\/web\/wp-json\/wp\/v2\/types\/page"}],"author":[{"embeddable":true,"href":"https:\/\/gfarias.com\/web\/wp-json\/wp\/v2\/users\/1"}],"replies":[{"embeddable":true,"href":"https:\/\/gfarias.com\/web\/wp-json\/wp\/v2\/comments?post=6462"}],"version-history":[{"count":6,"href":"https:\/\/gfarias.com\/web\/wp-json\/wp\/v2\/pages\/6462\/revisions"}],"predecessor-version":[{"id":6795,"href":"https:\/\/gfarias.com\/web\/wp-json\/wp\/v2\/pages\/6462\/revisions\/6795"}],"up":[{"embeddable":true,"href":"https:\/\/gfarias.com\/web\/wp-json\/wp\/v2\/pages\/993"}],"wp:attachment":[{"href":"https:\/\/gfarias.com\/web\/wp-json\/wp\/v2\/media?parent=6462"}],"curies":[{"name":"wp","href":"https:\/\/api.w.org\/{rel}","templated":true}]}}