{"id":6496,"date":"2025-08-15T09:09:18","date_gmt":"2025-08-15T12:09:18","guid":{"rendered":"https:\/\/gfarias.com\/web\/solucoes\/bbb-2\/"},"modified":"2025-10-27T11:09:27","modified_gmt":"2025-10-27T14:09:27","slug":"readspeaker","status":"publish","type":"page","link":"https:\/\/gfarias.com\/web\/solucoes\/readspeaker\/","title":{"rendered":"ReadSpeaker"},"content":{"rendered":"<div id=\"cs-content\" class=\"cs-content\"><div class=\"x-section e6496-e1 m50g-0 m50g-1 m50g-2\"><div class=\"x-container max width e6496-e2 m50g-5 m50g-6 m50g-7\"><div class=\"x-column x-sm x-1-1 e6496-e3 m50g-b m50g-c m50g-d\"><div class=\"x-text x-text-headline e6496-e4 m50g-h\"><div class=\"x-text-content\"><div class=\"x-text-content-text\"><h1 class=\"x-text-content-text-primary\">ReadSpeaker<\/h1>\n<\/div><\/div><\/div><\/div><\/div><span class=\"x-separator-bottom-curve-in\" style=\"bottom: 0px; height: 40px; color: #444464;\" aria-hidden=\"true\"><svg class=\"curve-bottom-in\" style=\"fill: currentColor;\" xmlns=\"http:\/\/www.w3.org\/2000\/svg\" version=\"1.1\" viewBox=\"0 0 100 50\" preserveAspectRatio=\"none\"><path d=\"M0,50V0h50C22.4,0,0,50,0,50z\"\/><path d=\"M50,0h50v50C100,50,77.6,0,50,0z\"\/><\/svg><\/span><\/div><div class=\"x-section e6496-e5 m50g-0 m50g-1 m50g-3\"><div class=\"x-container max width e6496-e6 m50g-6 m50g-8 m50g-9 infotext\"><div class=\"x-column x-sm x-1-3 e6496-e7 m50g-b m50g-d m50g-e m50g-f\"><span class=\"x-image e6496-e8 m50g-i m50g-j\"><img decoding=\"async\" src=\"https:\/\/gfarias.com\/web\/wp-content\/uploads\/2025\/08\/no_safezone-scaled.png\" width=\"2560\" height=\"507\" alt=\"Image\" loading=\"lazy\"><\/span><\/div><div class=\"x-column x-sm x-2-3 e6496-e9 m50g-b m50g-c\"><div class=\"x-content-area e6496-e10 m50g-n\"><p><span style=\"color: #ff6600;\">Com mais de 25 anos de experi&ecirc;ncia e a confian&ccedil;a de mais de 14.000 clientes em mais de 70 pa&iacute;ses, a&nbsp;<span class=\"il\">ReadSpeaker<\/span>&nbsp;transforma conte&uacute;do digital em experi&ecirc;ncias auditivas inclusivas e acess&iacute;veis. Suas vozes realistas enriquecem as experi&ecirc;ncias de aprendizagem e oferecem suporte a uma gama diversificada de alunos.<\/span><\/p><\/div><\/div><\/div><div class=\"x-container max width e6496-e11 m50g-6 m50g-7 m50g-8\"><div class=\"x-column x-sm x-1-1 e6496-e12 m50g-b m50g-c\"><div class=\"x-text x-content e6496-e13 m50g-o\"><p style=\"text-align: left;\">A ReadSpeaker &eacute; parceria e certificada global de integra&ccedil;&atilde;o Moodle&trade; e avalia&ccedil;&atilde;o, e otimizada para todos os dispositivos, as solu&ccedil;&otilde;es de convers&atilde;o de texto em voz da ReadSpeaker integram-se perfeitamente a ambientes de aprendizagem ou funcionam como ferramentas aut&ocirc;nomas. De avalia&ccedil;&otilde;es e tarefas a conte&uacute;do STEM, OCR e question&aacute;rios, a ReadSpeaker facilita o acesso e a intera&ccedil;&atilde;o com o conte&uacute;do a qualquer hora e em qualquer lugar.<br \/><br \/>Oferecendo mais de 200 vozes em mais de 50 idiomas, a ReadSpeaker &eacute; uma parceira confi&aacute;vel para os clientes GFarias em aprendizagem aprimorada por voz. Visite o <a title=\"ReadSpeaker Education\" href=\"http:\/\/www.readspeaker.com\/pt\" target=\"_blank\" rel=\"noopener\">ReadSpeaker Education<\/a> para mais detalhes.<\/p><\/div><\/div><\/div><div class=\"x-container max width e6496-e14 m50g-6 m50g-a\"><div class=\"x-column x-sm x-1-1 e6496-e15 m50g-b m50g-d m50g-f m50g-g\"><span class=\"x-image e6496-e16 m50g-i m50g-k m50g-l\"><img decoding=\"async\" src=\"https:\/\/gfarias.com\/web\/wp-content\/uploads\/2025\/08\/readspeaker1.jpg\" width=\"877\" height=\"620\" alt=\"fun\u00e7\u00f5es do ReadSpeaker\" loading=\"lazy\"><\/span><div class=\"x-text x-content e6496-e17 m50g-o\"><p style=\"text-align: center;\"><span style=\"color: #6f6f6f; font-size: 12.432px; text-align: center;\">ReadSpeaker e suas fun&ccedil;&otilde;es<\/span><\/p><\/div><\/div><\/div><div class=\"x-container max width e6496-e18 m50g-6 m50g-7 m50g-8\"><div class=\"x-column x-sm x-1-1 e6496-e19 m50g-b m50g-c m50g-d\"><div class=\"x-content-area e6496-e20 m50g-n\"><p><span style=\"color: #808080;\">Clique na imagem abaixo para acessar o site do ReadSpeaker ou fale conosco para saber mais.<\/span><\/p><\/div><a class=\"x-image e6496-e21 m50g-i m50g-j m50g-l m50g-m\" href=\"http:\/\/www.readspeaker.com\/pt\" target=\"_blank\" rel=\"noopener noreferrer\"><img decoding=\"async\" src=\"https:\/\/gfarias.com\/web\/wp-content\/uploads\/2025\/08\/no_safezone-scaled.png\" width=\"2560\" height=\"507\" alt=\"Image\" loading=\"lazy\"><\/a><div class=\"x-content-area e6496-e22 m50g-n\"><p>&nbsp;<\/p>\n<p>&nbsp;<\/p><\/div><\/div><\/div><\/div><div class=\"x-section e6496-e23 m50g-1 m50g-3 m50g-4\"><div class=\"x-row x-container max width e6496-e24 m50g-p m50g-q\"><div class=\"x-row-inner\"><div class=\"x-col e6496-e25 m50g-r\"><div class=\"cs-content x-global-block x-global-block-2942 e6496-e26\"><div class=\"x-section e2942-e2 m29q-0\" id=\"newsletter\"><div class=\"x-row x-container max width e2942-e3 m29q-1 m29q-2 m29q-3 m29q-4 m29q-8 m29q-9\"><div class=\"x-row-inner\"><div class=\"x-col e2942-e4 m29q-c m29q-d m29q-e\"><div class=\"x-text x-content e2942-e5 m29q-i\"><p style=\"text-align: center;\"><span style=\"color: #808080;\">Receba <strong><span style=\"color: #333333;\">um email bimestral<\/span><\/strong> com colet\u00e2nea de novidades e nossas publica\u00e7\u00f5es com conhecimento sobre ideias, metodologias e tecnologia voltadas para Educa\u00e7\u00e3o.<br \/>\n<\/span><\/p><\/div><\/div><\/div><\/div><div class=\"x-row x-container max width e2942-e6 m29q-1 m29q-2 m29q-5 m29q-6 m29q-8 m29q-a\"><div class=\"x-row-inner\"><div class=\"x-col x-hide-sm x-hide-xs e2942-e7 m29q-c m29q-e m29q-f\"><hr class=\"x-line e2942-e8 m29q-j\"\/><\/div><div class=\"x-col e2942-e9 m29q-c m29q-g\"><div class=\"x-widget-area e2942-e10 m29q-k\"><div id=\"newsletterwidgetminimal-2\" class=\"widget widget_newsletterwidgetminimal\"><h4 class=\"h-widget\">Assine nossa newsletter<\/h4><div class=\"tnp tnp-widget-minimal\"><form class=\"tnp-form\" action=\"https:\/\/gfarias.com\/web\/wp-admin\/admin-ajax.php?action=tnp&na=s\" method=\"post\"><input type=\"hidden\" name=\"nr\" value=\"widget-minimal\"\/><input class=\"tnp-email\" type=\"email\" required name=\"ne\" value=\"\" placeholder=\"Email\" aria-label=\"Email\"><input class=\"tnp-submit\" type=\"submit\" value=\"Assinar\"><\/form><\/div><\/div><\/div><div class=\"x-text x-content e2942-e11 m29q-i\"><p style=\"text-align: center;\"><span style=\"color: #808080;\">Tratamos seu email de acordo com a <a href=\"https:\/\/pt.wikipedia.org\/wiki\/Lei_Geral_de_Prote%C3%A7%C3%A3o_de_Dados_Pessoais\" target=\"_blank\" rel=\"noopener\">LGPD<\/a>.<br \/>\nVide nossa <a href=\"https:\/\/www.gfarias.com\/privacidade\" rel=\"noopener\">pol\u00edtica de privacidade<\/a>.<\/span><\/p><\/div><\/div><div class=\"x-col x-hide-sm x-hide-xs e2942-e12 m29q-c m29q-e m29q-h\"><hr class=\"x-line e2942-e13 m29q-j\"\/><\/div><\/div><\/div><div class=\"x-row x-container max width e2942-e14 m29q-1 m29q-4 m29q-5 m29q-7 m29q-8 m29q-b\"><div class=\"x-row-inner\"><\/div><\/div><\/div><\/div><\/div><\/div><\/div><\/div><\/div>\n","protected":false},"excerpt":{"rendered":"<p>ReadSpeaker Com mais de 25 anos de experi&ecirc;ncia e a confian&ccedil;a de mais de 14.000 clientes em mais de 70 pa&iacute;ses, a&nbsp;ReadSpeaker&nbsp;transforma conte&uacute;do digital em experi&ecirc;ncias auditivas inclusivas e acess&iacute;veis. Suas vozes realistas enriquecem as experi&ecirc;ncias de aprendizagem e oferecem suporte a uma gama diversificada de alunos.A ReadSpeaker &eacute; parceria &#8230;<\/p>\n","protected":false},"author":1,"featured_media":0,"parent":993,"menu_order":0,"comment_status":"closed","ping_status":"closed","template":"template-blank-4.php","meta":{"rs_blank_template":"","rs_page_bg_color":"","slide_template_v7":"","_joinchat":[],"footnotes":""},"class_list":["post-6496","page","type-page","status-publish","hentry","no-post-thumbnail"],"yoast_head":"<!-- This site is optimized with the Yoast SEO plugin v27.3 - https:\/\/yoast.com\/product\/yoast-seo-wordpress\/ -->\n<title>ReadSpeaker - GFarias Educa\u00e7\u00e3o<\/title>\n<meta name=\"robots\" content=\"index, follow, max-snippet:-1, max-image-preview:large, max-video-preview:-1\" \/>\n<link rel=\"canonical\" href=\"https:\/\/gfarias.com\/web\/solucoes\/readspeaker\/\" \/>\n<meta property=\"og:locale\" content=\"pt_BR\" \/>\n<meta property=\"og:type\" content=\"article\" \/>\n<meta property=\"og:title\" content=\"ReadSpeaker - GFarias Educa\u00e7\u00e3o\" \/>\n<meta property=\"og:description\" content=\"ReadSpeaker Com mais de 25 anos de experi&ecirc;ncia e a confian&ccedil;a de mais de 14.000 clientes em mais de 70 pa&iacute;ses, a&nbsp;ReadSpeaker&nbsp;transforma conte&uacute;do digital em experi&ecirc;ncias auditivas inclusivas e acess&iacute;veis. Suas vozes realistas enriquecem as experi&ecirc;ncias de aprendizagem e oferecem suporte a uma gama diversificada de alunos.A ReadSpeaker &eacute; parceria ...\" \/>\n<meta property=\"og:url\" content=\"https:\/\/gfarias.com\/web\/solucoes\/readspeaker\/\" \/>\n<meta property=\"og:site_name\" content=\"GFarias Educa\u00e7\u00e3o\" \/>\n<meta property=\"article:publisher\" content=\"https:\/\/facebook.com\/gfariasonline\" \/>\n<meta property=\"article:modified_time\" content=\"2025-10-27T14:09:27+00:00\" \/>\n<meta property=\"og:image\" content=\"https:\/\/gfarias.com\/web\/wp-content\/uploads\/2025\/11\/gfarias_sqr.png\" \/>\n\t<meta property=\"og:image:width\" content=\"1981\" \/>\n\t<meta property=\"og:image:height\" content=\"1980\" \/>\n\t<meta property=\"og:image:type\" content=\"image\/png\" \/>\n<meta name=\"twitter:card\" content=\"summary_large_image\" \/>\n<meta name=\"twitter:site\" content=\"@gfariasonline\" \/>\n<meta name=\"twitter:label1\" content=\"Est. tempo de leitura\" \/>\n\t<meta name=\"twitter:data1\" content=\"2 minutos\" \/>\n<script type=\"application\/ld+json\" class=\"yoast-schema-graph\">{\"@context\":\"https:\\\/\\\/schema.org\",\"@graph\":[{\"@type\":\"WebPage\",\"@id\":\"https:\\\/\\\/gfarias.com\\\/web\\\/solucoes\\\/readspeaker\\\/\",\"url\":\"https:\\\/\\\/gfarias.com\\\/web\\\/solucoes\\\/readspeaker\\\/\",\"name\":\"ReadSpeaker - GFarias Educa\u00e7\u00e3o\",\"isPartOf\":{\"@id\":\"https:\\\/\\\/gfarias.com\\\/web\\\/#website\"},\"datePublished\":\"2025-08-15T12:09:18+00:00\",\"dateModified\":\"2025-10-27T14:09:27+00:00\",\"breadcrumb\":{\"@id\":\"https:\\\/\\\/gfarias.com\\\/web\\\/solucoes\\\/readspeaker\\\/#breadcrumb\"},\"inLanguage\":\"pt-BR\",\"potentialAction\":[{\"@type\":\"ReadAction\",\"target\":[\"https:\\\/\\\/gfarias.com\\\/web\\\/solucoes\\\/readspeaker\\\/\"]}]},{\"@type\":\"BreadcrumbList\",\"@id\":\"https:\\\/\\\/gfarias.com\\\/web\\\/solucoes\\\/readspeaker\\\/#breadcrumb\",\"itemListElement\":[{\"@type\":\"ListItem\",\"position\":1,\"name\":\"Home\",\"item\":\"https:\\\/\\\/gfarias.com\\\/web\\\/\"},{\"@type\":\"ListItem\",\"position\":2,\"name\":\"SOLU\u00c7\u00d5ES\",\"item\":\"https:\\\/\\\/gfarias.com\\\/web\\\/solucoes\\\/\"},{\"@type\":\"ListItem\",\"position\":3,\"name\":\"ReadSpeaker\"}]},{\"@type\":\"WebSite\",\"@id\":\"https:\\\/\\\/gfarias.com\\\/web\\\/#website\",\"url\":\"https:\\\/\\\/gfarias.com\\\/web\\\/\",\"name\":\"GFarias Educa\u00e7\u00e3o\",\"description\":\"Conhecimento, tecnologia e servi\u00e7os para EAD.\",\"publisher\":{\"@id\":\"https:\\\/\\\/gfarias.com\\\/web\\\/#organization\"},\"alternateName\":\"Gfarias\",\"potentialAction\":[{\"@type\":\"SearchAction\",\"target\":{\"@type\":\"EntryPoint\",\"urlTemplate\":\"https:\\\/\\\/gfarias.com\\\/web\\\/?s={search_term_string}\"},\"query-input\":{\"@type\":\"PropertyValueSpecification\",\"valueRequired\":true,\"valueName\":\"search_term_string\"}}],\"inLanguage\":\"pt-BR\"},{\"@type\":\"Organization\",\"@id\":\"https:\\\/\\\/gfarias.com\\\/web\\\/#organization\",\"name\":\"GFarias Educa\u00e7\u00e3o Ltda - EPP\",\"alternateName\":\"Gfarias\",\"url\":\"https:\\\/\\\/gfarias.com\\\/web\\\/\",\"logo\":{\"@type\":\"ImageObject\",\"inLanguage\":\"pt-BR\",\"@id\":\"https:\\\/\\\/gfarias.com\\\/web\\\/#\\\/schema\\\/logo\\\/image\\\/\",\"url\":\"https:\\\/\\\/gfarias.com\\\/web\\\/wp-content\\\/uploads\\\/2025\\\/11\\\/gfarias_sqr.png\",\"contentUrl\":\"https:\\\/\\\/gfarias.com\\\/web\\\/wp-content\\\/uploads\\\/2025\\\/11\\\/gfarias_sqr.png\",\"width\":1981,\"height\":1980,\"caption\":\"GFarias Educa\u00e7\u00e3o Ltda - EPP\"},\"image\":{\"@id\":\"https:\\\/\\\/gfarias.com\\\/web\\\/#\\\/schema\\\/logo\\\/image\\\/\"},\"sameAs\":[\"https:\\\/\\\/facebook.com\\\/gfariasonline\",\"https:\\\/\\\/x.com\\\/gfariasonline\",\"https:\\\/\\\/instagram.com\\\/gfariasonline\",\"https:\\\/\\\/linkedin.com\\\/company\\\/gfariasonline\",\"https:\\\/\\\/www.youtube.com\\\/channel\\\/UCO_0C8iIua1Be3RxelFNBPQ\"]}]}<\/script>\n<!-- \/ Yoast SEO plugin. -->","yoast_head_json":{"title":"ReadSpeaker - GFarias Educa\u00e7\u00e3o","robots":{"index":"index","follow":"follow","max-snippet":"max-snippet:-1","max-image-preview":"max-image-preview:large","max-video-preview":"max-video-preview:-1"},"canonical":"https:\/\/gfarias.com\/web\/solucoes\/readspeaker\/","og_locale":"pt_BR","og_type":"article","og_title":"ReadSpeaker - GFarias Educa\u00e7\u00e3o","og_description":"ReadSpeaker Com mais de 25 anos de experi&ecirc;ncia e a confian&ccedil;a de mais de 14.000 clientes em mais de 70 pa&iacute;ses, a&nbsp;ReadSpeaker&nbsp;transforma conte&uacute;do digital em experi&ecirc;ncias auditivas inclusivas e acess&iacute;veis. Suas vozes realistas enriquecem as experi&ecirc;ncias de aprendizagem e oferecem suporte a uma gama diversificada de alunos.A ReadSpeaker &eacute; parceria ...","og_url":"https:\/\/gfarias.com\/web\/solucoes\/readspeaker\/","og_site_name":"GFarias Educa\u00e7\u00e3o","article_publisher":"https:\/\/facebook.com\/gfariasonline","article_modified_time":"2025-10-27T14:09:27+00:00","og_image":[{"width":1981,"height":1980,"url":"https:\/\/gfarias.com\/web\/wp-content\/uploads\/2025\/11\/gfarias_sqr.png","type":"image\/png"}],"twitter_card":"summary_large_image","twitter_site":"@gfariasonline","twitter_misc":{"Est. tempo de leitura":"2 minutos"},"schema":{"@context":"https:\/\/schema.org","@graph":[{"@type":"WebPage","@id":"https:\/\/gfarias.com\/web\/solucoes\/readspeaker\/","url":"https:\/\/gfarias.com\/web\/solucoes\/readspeaker\/","name":"ReadSpeaker - GFarias Educa\u00e7\u00e3o","isPartOf":{"@id":"https:\/\/gfarias.com\/web\/#website"},"datePublished":"2025-08-15T12:09:18+00:00","dateModified":"2025-10-27T14:09:27+00:00","breadcrumb":{"@id":"https:\/\/gfarias.com\/web\/solucoes\/readspeaker\/#breadcrumb"},"inLanguage":"pt-BR","potentialAction":[{"@type":"ReadAction","target":["https:\/\/gfarias.com\/web\/solucoes\/readspeaker\/"]}]},{"@type":"BreadcrumbList","@id":"https:\/\/gfarias.com\/web\/solucoes\/readspeaker\/#breadcrumb","itemListElement":[{"@type":"ListItem","position":1,"name":"Home","item":"https:\/\/gfarias.com\/web\/"},{"@type":"ListItem","position":2,"name":"SOLU\u00c7\u00d5ES","item":"https:\/\/gfarias.com\/web\/solucoes\/"},{"@type":"ListItem","position":3,"name":"ReadSpeaker"}]},{"@type":"WebSite","@id":"https:\/\/gfarias.com\/web\/#website","url":"https:\/\/gfarias.com\/web\/","name":"GFarias Educa\u00e7\u00e3o","description":"Conhecimento, tecnologia e servi\u00e7os para EAD.","publisher":{"@id":"https:\/\/gfarias.com\/web\/#organization"},"alternateName":"Gfarias","potentialAction":[{"@type":"SearchAction","target":{"@type":"EntryPoint","urlTemplate":"https:\/\/gfarias.com\/web\/?s={search_term_string}"},"query-input":{"@type":"PropertyValueSpecification","valueRequired":true,"valueName":"search_term_string"}}],"inLanguage":"pt-BR"},{"@type":"Organization","@id":"https:\/\/gfarias.com\/web\/#organization","name":"GFarias Educa\u00e7\u00e3o Ltda - EPP","alternateName":"Gfarias","url":"https:\/\/gfarias.com\/web\/","logo":{"@type":"ImageObject","inLanguage":"pt-BR","@id":"https:\/\/gfarias.com\/web\/#\/schema\/logo\/image\/","url":"https:\/\/gfarias.com\/web\/wp-content\/uploads\/2025\/11\/gfarias_sqr.png","contentUrl":"https:\/\/gfarias.com\/web\/wp-content\/uploads\/2025\/11\/gfarias_sqr.png","width":1981,"height":1980,"caption":"GFarias Educa\u00e7\u00e3o Ltda - EPP"},"image":{"@id":"https:\/\/gfarias.com\/web\/#\/schema\/logo\/image\/"},"sameAs":["https:\/\/facebook.com\/gfariasonline","https:\/\/x.com\/gfariasonline","https:\/\/instagram.com\/gfariasonline","https:\/\/linkedin.com\/company\/gfariasonline","https:\/\/www.youtube.com\/channel\/UCO_0C8iIua1Be3RxelFNBPQ"]}]}},"_links":{"self":[{"href":"https:\/\/gfarias.com\/web\/wp-json\/wp\/v2\/pages\/6496","targetHints":{"allow":["GET"]}}],"collection":[{"href":"https:\/\/gfarias.com\/web\/wp-json\/wp\/v2\/pages"}],"about":[{"href":"https:\/\/gfarias.com\/web\/wp-json\/wp\/v2\/types\/page"}],"author":[{"embeddable":true,"href":"https:\/\/gfarias.com\/web\/wp-json\/wp\/v2\/users\/1"}],"replies":[{"embeddable":true,"href":"https:\/\/gfarias.com\/web\/wp-json\/wp\/v2\/comments?post=6496"}],"version-history":[{"count":6,"href":"https:\/\/gfarias.com\/web\/wp-json\/wp\/v2\/pages\/6496\/revisions"}],"predecessor-version":[{"id":6506,"href":"https:\/\/gfarias.com\/web\/wp-json\/wp\/v2\/pages\/6496\/revisions\/6506"}],"up":[{"embeddable":true,"href":"https:\/\/gfarias.com\/web\/wp-json\/wp\/v2\/pages\/993"}],"wp:attachment":[{"href":"https:\/\/gfarias.com\/web\/wp-json\/wp\/v2\/media?parent=6496"}],"curies":[{"name":"wp","href":"https:\/\/api.w.org\/{rel}","templated":true}]}}